{"id":14,"date":"2021-08-06T09:07:31","date_gmt":"2021-08-06T07:07:31","guid":{"rendered":"https:\/\/www.ivodent.sk\/?page_id=14"},"modified":"2021-09-23T10:30:54","modified_gmt":"2021-09-23T08:30:54","slug":"galeria","status":"publish","type":"page","link":"https:\/\/www.ivodent.sk\/de\/galerie\/","title":{"rendered":"Galerie"},"content":{"rendered":"<section data-vc-full-width=\"true\" data-vc-full-width-init=\"false\" data-vc-stretch-content=\"true\" class=\"vc_section\"><div data-vc-full-width=\"true\" data-vc-full-width-init=\"false\" data-vc-stretch-content=\"true\" class=\"vc_row wpb_row vc_row-fluid iv-welcome subpage vc_row-no-padding vc_row-o-equal-height vc_row-o-content-middle vc_row-flex\" ><div class=\"left wpb_column vc_column_container vc_col-sm-6 vc_col-has-fill\"><div class=\"vc_column-inner vc_custom_1632339726646\"><div class=\"wpb_wrapper\"><h1 style=\"color: #ffffff;text-align: left\" class=\"vc_custom_heading\" >L\u00e4cheln. Sie werden nie wieder Angst vor dem Zahnarzt haben<\/h1><\/div><\/div><\/div><div class=\"right wpb_column vc_column_container vc_col-sm-6 vc_col-has-fill\"><div class=\"vc_column-inner vc_custom_1632385486028\"><div class=\"wpb_wrapper\"><\/div><\/div><\/div><\/div><div class=\"vc_row-full-width vc_clearfix\"><\/div><\/section><div class=\"vc_row-full-width vc_clearfix\"><\/div><section class=\"vc_section iv-section\"><div class=\"vc_row wpb_row vc_row-fluid\" ><div class=\"wpb_column vc_column_container vc_col-sm-12\"><div class=\"vc_column-inner\"><div class=\"wpb_wrapper\"><div class=\"mkdf-image-gallery  mkdf-ig-masonry-type   mkdf-image-behavior-lightbox\">\n\t<div class=\"mkdf-ig-inner mkdf-ig-masonry mkdf-ig-two-columns mkdf-ig-normal-space\">\n\t\t<div class=\"mkdf-ig-grid-sizer\"><\/div>\n\t\t<div class=\"mkdf-ig-grid-gutter\"><\/div>\n\t\t\t\t\t\t\t\t<div class=\"mkdf-ig-image\">\n\t\t\t\t<div class=\"mkdf-ig-image-inner\">\n\t\t\t\t\t\t\t\t\t\t\t<a itemprop=\"image\" class=\"mkdf-ig-lightbox\" href=\"https:\/\/www.ivodent.sk\/wp-content\/uploads\/2021\/08\/Img7.jpeg\" data-rel=\"prettyPhoto[image_gallery_pretty_photo-783]\" title=\"Img7\">\n\t\t\t\t\t\t\t\t\t\t\t<img loading=\"lazy\" decoding=\"async\" width=\"640\" height=\"640\" src=\"https:\/\/www.ivodent.sk\/wp-content\/uploads\/2021\/08\/Img7.jpeg\" class=\"attachment- size-\" alt=\"\" srcset=\"https:\/\/www.ivodent.sk\/wp-content\/uploads\/2021\/08\/Img7.jpeg 640w, https:\/\/www.ivodent.sk\/wp-content\/uploads\/2021\/08\/Img7-300x300.jpeg 300w, https:\/\/www.ivodent.sk\/wp-content\/uploads\/2021\/08\/Img7-150x150.jpeg 150w, https:\/\/www.ivodent.sk\/wp-content\/uploads\/2021\/08\/Img7-550x550.jpeg 550w\" sizes=\"auto, (max-width: 640px) 100vw, 640px\" \/>\t\t\t\t\t\t\t\t\t\t\t<\/a>\n\t\t\t\t\t\t\t\t\t<\/div>\n\t\t\t<\/div>\n\t\t\t\t\t\t\t\t<div class=\"mkdf-ig-image\">\n\t\t\t\t<div class=\"mkdf-ig-image-inner\">\n\t\t\t\t\t\t\t\t\t\t\t<a itemprop=\"image\" class=\"mkdf-ig-lightbox\" href=\"https:\/\/www.ivodent.sk\/wp-content\/uploads\/2021\/08\/Img13.jpeg\" data-rel=\"prettyPhoto[image_gallery_pretty_photo-783]\" title=\"Img13\">\n\t\t\t\t\t\t\t\t\t\t\t<img loading=\"lazy\" decoding=\"async\" width=\"1280\" height=\"853\" src=\"https:\/\/www.ivodent.sk\/wp-content\/uploads\/2021\/08\/Img13.jpeg\" class=\"attachment- size-\" alt=\"\" srcset=\"https:\/\/www.ivodent.sk\/wp-content\/uploads\/2021\/08\/Img13.jpeg 1280w, https:\/\/www.ivodent.sk\/wp-content\/uploads\/2021\/08\/Img13-300x200.jpeg 300w, https:\/\/www.ivodent.sk\/wp-content\/uploads\/2021\/08\/Img13-1024x682.jpeg 1024w, https:\/\/www.ivodent.sk\/wp-content\/uploads\/2021\/08\/Img13-768x512.jpeg 768w\" sizes=\"auto, (max-width: 1280px) 100vw, 1280px\" \/>\t\t\t\t\t\t\t\t\t\t\t<\/a>\n\t\t\t\t\t\t\t\t\t<\/div>\n\t\t\t<\/div>\n\t\t\t\t\t\t\t\t<div class=\"mkdf-ig-image\">\n\t\t\t\t<div class=\"mkdf-ig-image-inner\">\n\t\t\t\t\t\t\t\t\t\t\t<a itemprop=\"image\" class=\"mkdf-ig-lightbox\" href=\"https:\/\/www.ivodent.sk\/wp-content\/uploads\/2021\/08\/Img12.jpeg\" data-rel=\"prettyPhoto[image_gallery_pretty_photo-783]\" title=\"Img12\">\n\t\t\t\t\t\t\t\t\t\t\t<img loading=\"lazy\" decoding=\"async\" width=\"1280\" height=\"853\" src=\"https:\/\/www.ivodent.sk\/wp-content\/uploads\/2021\/08\/Img12.jpeg\" class=\"attachment- size-\" alt=\"\" srcset=\"https:\/\/www.ivodent.sk\/wp-content\/uploads\/2021\/08\/Img12.jpeg 1280w, https:\/\/www.ivodent.sk\/wp-content\/uploads\/2021\/08\/Img12-300x200.jpeg 300w, https:\/\/www.ivodent.sk\/wp-content\/uploads\/2021\/08\/Img12-1024x682.jpeg 1024w, https:\/\/www.ivodent.sk\/wp-content\/uploads\/2021\/08\/Img12-768x512.jpeg 768w\" sizes=\"auto, (max-width: 1280px) 100vw, 1280px\" \/>\t\t\t\t\t\t\t\t\t\t\t<\/a>\n\t\t\t\t\t\t\t\t\t<\/div>\n\t\t\t<\/div>\n\t\t\t\t\t\t\t\t<div class=\"mkdf-ig-image\">\n\t\t\t\t<div class=\"mkdf-ig-image-inner\">\n\t\t\t\t\t\t\t\t\t\t\t<a itemprop=\"image\" class=\"mkdf-ig-lightbox\" href=\"https:\/\/www.ivodent.sk\/wp-content\/uploads\/2021\/08\/Img2.jpeg\" data-rel=\"prettyPhoto[image_gallery_pretty_photo-783]\" title=\"Img2\">\n\t\t\t\t\t\t\t\t\t\t\t<img loading=\"lazy\" decoding=\"async\" width=\"640\" height=\"640\" src=\"https:\/\/www.ivodent.sk\/wp-content\/uploads\/2021\/08\/Img2.jpeg\" class=\"attachment- size-\" alt=\"\" srcset=\"https:\/\/www.ivodent.sk\/wp-content\/uploads\/2021\/08\/Img2.jpeg 640w, https:\/\/www.ivodent.sk\/wp-content\/uploads\/2021\/08\/Img2-300x300.jpeg 300w, https:\/\/www.ivodent.sk\/wp-content\/uploads\/2021\/08\/Img2-150x150.jpeg 150w, https:\/\/www.ivodent.sk\/wp-content\/uploads\/2021\/08\/Img2-550x550.jpeg 550w\" sizes=\"auto, (max-width: 640px) 100vw, 640px\" \/>\t\t\t\t\t\t\t\t\t\t\t<\/a>\n\t\t\t\t\t\t\t\t\t<\/div>\n\t\t\t<\/div>\n\t\t\t\t\t\t\t\t<div class=\"mkdf-ig-image\">\n\t\t\t\t<div class=\"mkdf-ig-image-inner\">\n\t\t\t\t\t\t\t\t\t\t\t<a itemprop=\"image\" class=\"mkdf-ig-lightbox\" href=\"https:\/\/www.ivodent.sk\/wp-content\/uploads\/2021\/08\/Img11.jpeg\" data-rel=\"prettyPhoto[image_gallery_pretty_photo-783]\" title=\"Img11\">\n\t\t\t\t\t\t\t\t\t\t\t<img loading=\"lazy\" decoding=\"async\" width=\"1280\" height=\"853\" src=\"https:\/\/www.ivodent.sk\/wp-content\/uploads\/2021\/08\/Img11.jpeg\" class=\"attachment- size-\" alt=\"\" srcset=\"https:\/\/www.ivodent.sk\/wp-content\/uploads\/2021\/08\/Img11.jpeg 1280w, https:\/\/www.ivodent.sk\/wp-content\/uploads\/2021\/08\/Img11-300x200.jpeg 300w, https:\/\/www.ivodent.sk\/wp-content\/uploads\/2021\/08\/Img11-1024x682.jpeg 1024w, https:\/\/www.ivodent.sk\/wp-content\/uploads\/2021\/08\/Img11-768x512.jpeg 768w\" sizes=\"auto, (max-width: 1280px) 100vw, 1280px\" \/>\t\t\t\t\t\t\t\t\t\t\t<\/a>\n\t\t\t\t\t\t\t\t\t<\/div>\n\t\t\t<\/div>\n\t\t\t\t\t\t\t\t<div class=\"mkdf-ig-image\">\n\t\t\t\t<div class=\"mkdf-ig-image-inner\">\n\t\t\t\t\t\t\t\t\t\t\t<a itemprop=\"image\" class=\"mkdf-ig-lightbox\" href=\"https:\/\/www.ivodent.sk\/wp-content\/uploads\/2021\/08\/Img10.jpeg\" data-rel=\"prettyPhoto[image_gallery_pretty_photo-783]\" title=\"Img10\">\n\t\t\t\t\t\t\t\t\t\t\t<img loading=\"lazy\" decoding=\"async\" width=\"1280\" height=\"853\" src=\"https:\/\/www.ivodent.sk\/wp-content\/uploads\/2021\/08\/Img10.jpeg\" class=\"attachment- size-\" alt=\"\" srcset=\"https:\/\/www.ivodent.sk\/wp-content\/uploads\/2021\/08\/Img10.jpeg 1280w, https:\/\/www.ivodent.sk\/wp-content\/uploads\/2021\/08\/Img10-300x200.jpeg 300w, https:\/\/www.ivodent.sk\/wp-content\/uploads\/2021\/08\/Img10-1024x682.jpeg 1024w, https:\/\/www.ivodent.sk\/wp-content\/uploads\/2021\/08\/Img10-768x512.jpeg 768w\" sizes=\"auto, (max-width: 1280px) 100vw, 1280px\" \/>\t\t\t\t\t\t\t\t\t\t\t<\/a>\n\t\t\t\t\t\t\t\t\t<\/div>\n\t\t\t<\/div>\n\t\t\t\t\t\t\t\t<div class=\"mkdf-ig-image\">\n\t\t\t\t<div class=\"mkdf-ig-image-inner\">\n\t\t\t\t\t\t\t\t\t\t\t<a itemprop=\"image\" class=\"mkdf-ig-lightbox\" href=\"https:\/\/www.ivodent.sk\/wp-content\/uploads\/2021\/08\/Img8.jpeg\" data-rel=\"prettyPhoto[image_gallery_pretty_photo-783]\" title=\"Img8\">\n\t\t\t\t\t\t\t\t\t\t\t<img loading=\"lazy\" decoding=\"async\" width=\"640\" height=\"640\" src=\"https:\/\/www.ivodent.sk\/wp-content\/uploads\/2021\/08\/Img8.jpeg\" class=\"attachment- size-\" alt=\"\" srcset=\"https:\/\/www.ivodent.sk\/wp-content\/uploads\/2021\/08\/Img8.jpeg 640w, https:\/\/www.ivodent.sk\/wp-content\/uploads\/2021\/08\/Img8-300x300.jpeg 300w, https:\/\/www.ivodent.sk\/wp-content\/uploads\/2021\/08\/Img8-150x150.jpeg 150w, https:\/\/www.ivodent.sk\/wp-content\/uploads\/2021\/08\/Img8-550x550.jpeg 550w\" sizes=\"auto, (max-width: 640px) 100vw, 640px\" \/>\t\t\t\t\t\t\t\t\t\t\t<\/a>\n\t\t\t\t\t\t\t\t\t<\/div>\n\t\t\t<\/div>\n\t\t\t\t\t\t\t\t<div class=\"mkdf-ig-image\">\n\t\t\t\t<div class=\"mkdf-ig-image-inner\">\n\t\t\t\t\t\t\t\t\t\t\t<a itemprop=\"image\" class=\"mkdf-ig-lightbox\" href=\"https:\/\/www.ivodent.sk\/wp-content\/uploads\/2021\/08\/Img9.jpeg\" data-rel=\"prettyPhoto[image_gallery_pretty_photo-783]\" title=\"Img9\">\n\t\t\t\t\t\t\t\t\t\t\t<img loading=\"lazy\" decoding=\"async\" width=\"960\" height=\"480\" src=\"https:\/\/www.ivodent.sk\/wp-content\/uploads\/2021\/08\/Img9.jpeg\" class=\"attachment- size-\" alt=\"\" srcset=\"https:\/\/www.ivodent.sk\/wp-content\/uploads\/2021\/08\/Img9.jpeg 960w, https:\/\/www.ivodent.sk\/wp-content\/uploads\/2021\/08\/Img9-300x150.jpeg 300w, https:\/\/www.ivodent.sk\/wp-content\/uploads\/2021\/08\/Img9-768x384.jpeg 768w\" sizes=\"auto, (max-width: 960px) 100vw, 960px\" \/>\t\t\t\t\t\t\t\t\t\t\t<\/a>\n\t\t\t\t\t\t\t\t\t<\/div>\n\t\t\t<\/div>\n\t\t\t\t\t\t\t\t<div class=\"mkdf-ig-image\">\n\t\t\t\t<div class=\"mkdf-ig-image-inner\">\n\t\t\t\t\t\t\t\t\t\t\t<a itemprop=\"image\" class=\"mkdf-ig-lightbox\" href=\"https:\/\/www.ivodent.sk\/wp-content\/uploads\/2021\/08\/Img6.jpeg\" data-rel=\"prettyPhoto[image_gallery_pretty_photo-783]\" title=\"Img6\">\n\t\t\t\t\t\t\t\t\t\t\t<img loading=\"lazy\" decoding=\"async\" width=\"640\" height=\"640\" src=\"https:\/\/www.ivodent.sk\/wp-content\/uploads\/2021\/08\/Img6.jpeg\" class=\"attachment- size-\" alt=\"\" srcset=\"https:\/\/www.ivodent.sk\/wp-content\/uploads\/2021\/08\/Img6.jpeg 640w, https:\/\/www.ivodent.sk\/wp-content\/uploads\/2021\/08\/Img6-300x300.jpeg 300w, https:\/\/www.ivodent.sk\/wp-content\/uploads\/2021\/08\/Img6-150x150.jpeg 150w, https:\/\/www.ivodent.sk\/wp-content\/uploads\/2021\/08\/Img6-550x550.jpeg 550w\" sizes=\"auto, (max-width: 640px) 100vw, 640px\" \/>\t\t\t\t\t\t\t\t\t\t\t<\/a>\n\t\t\t\t\t\t\t\t\t<\/div>\n\t\t\t<\/div>\n\t\t\t\t\t\t\t\t<div class=\"mkdf-ig-image\">\n\t\t\t\t<div class=\"mkdf-ig-image-inner\">\n\t\t\t\t\t\t\t\t\t\t\t<a itemprop=\"image\" class=\"mkdf-ig-lightbox\" href=\"https:\/\/www.ivodent.sk\/wp-content\/uploads\/2021\/08\/Img3.jpeg\" data-rel=\"prettyPhoto[image_gallery_pretty_photo-783]\" title=\"Img3\">\n\t\t\t\t\t\t\t\t\t\t\t<img loading=\"lazy\" decoding=\"async\" width=\"960\" height=\"480\" src=\"https:\/\/www.ivodent.sk\/wp-content\/uploads\/2021\/08\/Img3.jpeg\" class=\"attachment- size-\" alt=\"\" srcset=\"https:\/\/www.ivodent.sk\/wp-content\/uploads\/2021\/08\/Img3.jpeg 960w, https:\/\/www.ivodent.sk\/wp-content\/uploads\/2021\/08\/Img3-300x150.jpeg 300w, https:\/\/www.ivodent.sk\/wp-content\/uploads\/2021\/08\/Img3-768x384.jpeg 768w\" sizes=\"auto, (max-width: 960px) 100vw, 960px\" \/>\t\t\t\t\t\t\t\t\t\t\t<\/a>\n\t\t\t\t\t\t\t\t\t<\/div>\n\t\t\t<\/div>\n\t\t\t\t\t\t\t\t<div class=\"mkdf-ig-image\">\n\t\t\t\t<div class=\"mkdf-ig-image-inner\">\n\t\t\t\t\t\t\t\t\t\t\t<a itemprop=\"image\" class=\"mkdf-ig-lightbox\" href=\"https:\/\/www.ivodent.sk\/wp-content\/uploads\/2021\/08\/Img4.jpeg\" data-rel=\"prettyPhoto[image_gallery_pretty_photo-783]\" title=\"Img4\">\n\t\t\t\t\t\t\t\t\t\t\t<img loading=\"lazy\" decoding=\"async\" width=\"960\" height=\"480\" src=\"https:\/\/www.ivodent.sk\/wp-content\/uploads\/2021\/08\/Img4.jpeg\" class=\"attachment- size-\" alt=\"\" srcset=\"https:\/\/www.ivodent.sk\/wp-content\/uploads\/2021\/08\/Img4.jpeg 960w, https:\/\/www.ivodent.sk\/wp-content\/uploads\/2021\/08\/Img4-300x150.jpeg 300w, https:\/\/www.ivodent.sk\/wp-content\/uploads\/2021\/08\/Img4-768x384.jpeg 768w\" sizes=\"auto, (max-width: 960px) 100vw, 960px\" \/>\t\t\t\t\t\t\t\t\t\t\t<\/a>\n\t\t\t\t\t\t\t\t\t<\/div>\n\t\t\t<\/div>\n\t\t\t\t\t\t\t\t<div class=\"mkdf-ig-image\">\n\t\t\t\t<div class=\"mkdf-ig-image-inner\">\n\t\t\t\t\t\t\t\t\t\t\t<a itemprop=\"image\" class=\"mkdf-ig-lightbox\" href=\"https:\/\/www.ivodent.sk\/wp-content\/uploads\/2021\/08\/Img1.jpeg\" data-rel=\"prettyPhoto[image_gallery_pretty_photo-783]\" title=\"Img1\">\n\t\t\t\t\t\t\t\t\t\t\t<img loading=\"lazy\" decoding=\"async\" width=\"631\" height=\"631\" src=\"https:\/\/www.ivodent.sk\/wp-content\/uploads\/2021\/08\/Img1.jpeg\" class=\"attachment- size-\" alt=\"\" srcset=\"https:\/\/www.ivodent.sk\/wp-content\/uploads\/2021\/08\/Img1.jpeg 631w, https:\/\/www.ivodent.sk\/wp-content\/uploads\/2021\/08\/Img1-300x300.jpeg 300w, https:\/\/www.ivodent.sk\/wp-content\/uploads\/2021\/08\/Img1-150x150.jpeg 150w, https:\/\/www.ivodent.sk\/wp-content\/uploads\/2021\/08\/Img1-550x550.jpeg 550w\" sizes=\"auto, (max-width: 631px) 100vw, 631px\" \/>\t\t\t\t\t\t\t\t\t\t\t<\/a>\n\t\t\t\t\t\t\t\t\t<\/div>\n\t\t\t<\/div>\n\t\t\t\t\t\t\t\t<div class=\"mkdf-ig-image\">\n\t\t\t\t<div class=\"mkdf-ig-image-inner\">\n\t\t\t\t\t\t\t\t\t\t\t<a itemprop=\"image\" class=\"mkdf-ig-lightbox\" href=\"https:\/\/www.ivodent.sk\/wp-content\/uploads\/2021\/08\/ordinace3-1.jpg\" data-rel=\"prettyPhoto[image_gallery_pretty_photo-783]\" title=\"ordinace3\">\n\t\t\t\t\t\t\t\t\t\t\t<img loading=\"lazy\" decoding=\"async\" width=\"1280\" height=\"853\" src=\"https:\/\/www.ivodent.sk\/wp-content\/uploads\/2021\/08\/ordinace3-1.jpg\" class=\"attachment- size-\" alt=\"\" srcset=\"https:\/\/www.ivodent.sk\/wp-content\/uploads\/2021\/08\/ordinace3-1.jpg 1280w, https:\/\/www.ivodent.sk\/wp-content\/uploads\/2021\/08\/ordinace3-1-300x200.jpg 300w, https:\/\/www.ivodent.sk\/wp-content\/uploads\/2021\/08\/ordinace3-1-1024x682.jpg 1024w, https:\/\/www.ivodent.sk\/wp-content\/uploads\/2021\/08\/ordinace3-1-768x512.jpg 768w\" sizes=\"auto, (max-width: 1280px) 100vw, 1280px\" \/>\t\t\t\t\t\t\t\t\t\t\t<\/a>\n\t\t\t\t\t\t\t\t\t<\/div>\n\t\t\t<\/div>\n\t\t\t\t\t\t\t\t<div class=\"mkdf-ig-image\">\n\t\t\t\t<div class=\"mkdf-ig-image-inner\">\n\t\t\t\t\t\t\t\t\t\t\t<a itemprop=\"image\" class=\"mkdf-ig-lightbox\" href=\"https:\/\/www.ivodent.sk\/wp-content\/uploads\/2021\/08\/Img15.jpeg\" data-rel=\"prettyPhoto[image_gallery_pretty_photo-783]\" title=\"Img15\">\n\t\t\t\t\t\t\t\t\t\t\t<img loading=\"lazy\" decoding=\"async\" width=\"1151\" height=\"767\" src=\"https:\/\/www.ivodent.sk\/wp-content\/uploads\/2021\/08\/Img15.jpeg\" class=\"attachment- size-\" alt=\"\" srcset=\"https:\/\/www.ivodent.sk\/wp-content\/uploads\/2021\/08\/Img15.jpeg 1151w, https:\/\/www.ivodent.sk\/wp-content\/uploads\/2021\/08\/Img15-300x200.jpeg 300w, https:\/\/www.ivodent.sk\/wp-content\/uploads\/2021\/08\/Img15-1024x682.jpeg 1024w, https:\/\/www.ivodent.sk\/wp-content\/uploads\/2021\/08\/Img15-768x512.jpeg 768w\" sizes=\"auto, (max-width: 1151px) 100vw, 1151px\" \/>\t\t\t\t\t\t\t\t\t\t\t<\/a>\n\t\t\t\t\t\t\t\t\t<\/div>\n\t\t\t<\/div>\n\t\t\t<\/div>\n<\/div><\/div><\/div><\/div><\/div><\/section>","protected":false},"excerpt":{"rendered":"L\u00e4cheln. Sie werden nie wieder Angst vor dem Zahnarzt haben","protected":false},"author":1,"featured_media":0,"parent":0,"menu_order":0,"comment_status":"closed","ping_status":"closed","template":"","meta":{"footnotes":""},"class_list":["post-14","page","type-page","status-publish","hentry"],"yoast_head":"<!-- This site is optimized with the Yoast SEO plugin v17.8 - https:\/\/yoast.com\/wordpress\/plugins\/seo\/ -->\n<title>Gal\u00e9ria &bull; Ivodent<\/title>\n<meta name=\"robots\" content=\"index, follow, max-snippet:-1, max-image-preview:large, max-video-preview:-1\" \/>\n<link rel=\"canonical\" href=\"https:\/\/www.ivodent.sk\/de\/galerie\/\" \/>\n<meta property=\"og:locale\" content=\"de_DE\" \/>\n<meta property=\"og:type\" content=\"article\" \/>\n<meta property=\"og:title\" content=\"Gal\u00e9ria &bull; Ivodent\" \/>\n<meta property=\"og:url\" content=\"https:\/\/www.ivodent.sk\/de\/galerie\/\" \/>\n<meta property=\"og:site_name\" content=\"Ivodent\" \/>\n<meta property=\"article:modified_time\" content=\"2021-09-23T08:30:54+00:00\" \/>\n<meta name=\"twitter:card\" content=\"summary_large_image\" \/>\n<meta name=\"twitter:label1\" content=\"Gesch\u00e4tzte Lesezeit\" \/>\n\t<meta name=\"twitter:data1\" content=\"1\u00a0Minute\" \/>\n<script type=\"application\/ld+json\" class=\"yoast-schema-graph\">{\"@context\":\"https:\/\/schema.org\",\"@graph\":[{\"@type\":\"WebSite\",\"@id\":\"https:\/\/www.ivodent.sk\/#website\",\"url\":\"https:\/\/www.ivodent.sk\/\",\"name\":\"Ivodent\",\"description\":\"IvoDent Dental Care vzniklo v roku 2016 s cie\\u013eom poskytn\\u00fa\\u0165 stomatologick\\u00fa starostlivos\\u0165 na najvy\\u0161\\u0161ej \\u00farovni v pr\\u00edjemnom prostred\\u00ed a s vyu\\u017eit\\u00edm modern\\u00fdch postupov. Prioritou na\\u0161ej praxe je pacient a jeho potreby.\",\"potentialAction\":[{\"@type\":\"SearchAction\",\"target\":{\"@type\":\"EntryPoint\",\"urlTemplate\":\"https:\/\/www.ivodent.sk\/?s={search_term_string}\"},\"query-input\":\"required name=search_term_string\"}],\"inLanguage\":\"de\"},{\"@type\":\"WebPage\",\"@id\":\"https:\/\/www.ivodent.sk\/galeria\/#webpage\",\"url\":\"https:\/\/www.ivodent.sk\/galeria\/\",\"name\":\"Gal\\u00e9ria &bull; Ivodent\",\"isPartOf\":{\"@id\":\"https:\/\/www.ivodent.sk\/#website\"},\"datePublished\":\"2021-08-06T07:07:31+00:00\",\"dateModified\":\"2021-09-23T08:30:54+00:00\",\"breadcrumb\":{\"@id\":\"https:\/\/www.ivodent.sk\/galeria\/#breadcrumb\"},\"inLanguage\":\"de\",\"potentialAction\":[{\"@type\":\"ReadAction\",\"target\":[\"https:\/\/www.ivodent.sk\/galeria\/\"]}]},{\"@type\":\"BreadcrumbList\",\"@id\":\"https:\/\/www.ivodent.sk\/galeria\/#breadcrumb\",\"itemListElement\":[{\"@type\":\"ListItem\",\"position\":1,\"name\":\"Domovsk\\u00e1 str\\u00e1nka\",\"item\":\"https:\/\/www.ivodent.sk\/\"},{\"@type\":\"ListItem\",\"position\":2,\"name\":\"Gal\\u00e9ria\"}]}]}<\/script>\n<!-- \/ Yoast SEO plugin. -->","yoast_head_json":{"title":"Gal\u00e9ria &bull; Ivodent","robots":{"index":"index","follow":"follow","max-snippet":"max-snippet:-1","max-image-preview":"max-image-preview:large","max-video-preview":"max-video-preview:-1"},"canonical":"https:\/\/www.ivodent.sk\/de\/galerie\/","og_locale":"de_DE","og_type":"article","og_title":"Gal\u00e9ria &bull; Ivodent","og_url":"https:\/\/www.ivodent.sk\/de\/galerie\/","og_site_name":"Ivodent","article_modified_time":"2021-09-23T08:30:54+00:00","twitter_card":"summary_large_image","twitter_misc":{"Gesch\u00e4tzte Lesezeit":"1\u00a0Minute"},"schema":{"@context":"https:\/\/schema.org","@graph":[{"@type":"WebSite","@id":"https:\/\/www.ivodent.sk\/#website","url":"https:\/\/www.ivodent.sk\/","name":"Ivodent","description":"IvoDent Dental Care vzniklo v roku 2016 s cie\u013eom poskytn\u00fa\u0165 stomatologick\u00fa starostlivos\u0165 na najvy\u0161\u0161ej \u00farovni v pr\u00edjemnom prostred\u00ed a s vyu\u017eit\u00edm modern\u00fdch postupov. Prioritou na\u0161ej praxe je pacient a jeho potreby.","potentialAction":[{"@type":"SearchAction","target":{"@type":"EntryPoint","urlTemplate":"https:\/\/www.ivodent.sk\/?s={search_term_string}"},"query-input":"required name=search_term_string"}],"inLanguage":"de"},{"@type":"WebPage","@id":"https:\/\/www.ivodent.sk\/galeria\/#webpage","url":"https:\/\/www.ivodent.sk\/galeria\/","name":"Gal\u00e9ria &bull; Ivodent","isPartOf":{"@id":"https:\/\/www.ivodent.sk\/#website"},"datePublished":"2021-08-06T07:07:31+00:00","dateModified":"2021-09-23T08:30:54+00:00","breadcrumb":{"@id":"https:\/\/www.ivodent.sk\/galeria\/#breadcrumb"},"inLanguage":"de","potentialAction":[{"@type":"ReadAction","target":["https:\/\/www.ivodent.sk\/galeria\/"]}]},{"@type":"BreadcrumbList","@id":"https:\/\/www.ivodent.sk\/galeria\/#breadcrumb","itemListElement":[{"@type":"ListItem","position":1,"name":"Domovsk\u00e1 str\u00e1nka","item":"https:\/\/www.ivodent.sk\/"},{"@type":"ListItem","position":2,"name":"Gal\u00e9ria"}]}]}},"_links":{"self":[{"href":"https:\/\/www.ivodent.sk\/de\/wp-json\/wp\/v2\/pages\/14","targetHints":{"allow":["GET"]}}],"collection":[{"href":"https:\/\/www.ivodent.sk\/de\/wp-json\/wp\/v2\/pages"}],"about":[{"href":"https:\/\/www.ivodent.sk\/de\/wp-json\/wp\/v2\/types\/page"}],"author":[{"embeddable":true,"href":"https:\/\/www.ivodent.sk\/de\/wp-json\/wp\/v2\/users\/1"}],"replies":[{"embeddable":true,"href":"https:\/\/www.ivodent.sk\/de\/wp-json\/wp\/v2\/comments?post=14"}],"version-history":[{"count":16,"href":"https:\/\/www.ivodent.sk\/de\/wp-json\/wp\/v2\/pages\/14\/revisions"}],"predecessor-version":[{"id":408,"href":"https:\/\/www.ivodent.sk\/de\/wp-json\/wp\/v2\/pages\/14\/revisions\/408"}],"wp:attachment":[{"href":"https:\/\/www.ivodent.sk\/de\/wp-json\/wp\/v2\/media?parent=14"}],"curies":[{"name":"wp","href":"https:\/\/api.w.org\/{rel}","templated":true}]}}