{"id":10,"date":"2021-08-06T09:07:11","date_gmt":"2021-08-06T07:07:11","guid":{"rendered":"https:\/\/www.ivodent.sk\/?page_id=10"},"modified":"2026-04-23T09:28:05","modified_gmt":"2026-04-23T07:28:05","slug":"o-nas","status":"publish","type":"page","link":"https:\/\/www.ivodent.sk\/en\/about-us\/","title":{"rendered":"About us"},"content":{"rendered":"<section data-vc-full-width=\"true\" data-vc-full-width-init=\"false\" data-vc-stretch-content=\"true\" class=\"vc_section\"><div data-vc-full-width=\"true\" data-vc-full-width-init=\"false\" data-vc-stretch-content=\"true\" class=\"vc_row wpb_row vc_row-fluid iv-welcome about vc_row-no-padding vc_row-o-equal-height vc_row-o-content-middle vc_row-flex\" ><div class=\"left wpb_column vc_column_container vc_col-sm-6 vc_col-has-fill\"><div class=\"vc_column-inner vc_custom_1632339726646\"><div class=\"wpb_wrapper\"><h1 style=\"color: #ffffff;text-align: left\" class=\"vc_custom_heading smaller\" >Every procedure<br \/>\nis transferred<br \/>\nby qualified dental professionals<\/h1><div class=\"vc_empty_space\"   style=\"height: 32px\"><span class=\"vc_empty_space_inner\"><\/span><\/div>\n\t<div class=\"wpb_raw_code wpb_content_element wpb_raw_html\" >\n\t\t<div class=\"wpb_wrapper\">\n\t\t\t\t\t\t<a class=\"btn btn-lg btn-white\" href=\"https:\/\/www.ivodent.sk\/en\/\u0441ontact\/\">Reservation<\/a>&nbsp;&nbsp;&nbsp;&nbsp;<a class=\"btn btn-lg btn-white-outline\" href=\"https:\/\/www.ivodent.sk\/en\/treatments\/\">TREATMENT<\/a>\n\t\t<\/div>\n\t<\/div>\n<\/div><\/div><\/div><div class=\"right wpb_column vc_column_container vc_col-sm-6 vc_col-has-fill\"><div class=\"vc_column-inner vc_custom_1633692085634\"><div class=\"wpb_wrapper\"><\/div><\/div><\/div><\/div><div class=\"vc_row-full-width vc_clearfix\"><\/div><\/section><div class=\"vc_row-full-width vc_clearfix\"><\/div><section data-vc-full-width=\"true\" data-vc-full-width-init=\"false\" class=\"vc_section iv-section\"><div class=\"vc_row wpb_row vc_row-fluid vc_custom_1628270188411\" ><div class=\"wpb_column vc_column_container vc_col-sm-12\"><div class=\"vc_column-inner vc_custom_1628270139511\"><div class=\"wpb_wrapper\"><h2 style=\"color: #0a0000;text-align: center\" class=\"vc_custom_heading vc_custom_1632400236848\" >Our team<\/h2><\/div><\/div><\/div><\/div><div class=\"vc_row wpb_row vc_row-fluid\" ><div class=\"wpb_column vc_column_container vc_col-sm-12\"><div class=\"vc_column-inner\"><div class=\"wpb_wrapper\"><div class=\"mkdf-accordion-holder mkdf-ac-default  mkdf-accordion mkdf-ac-boxed  clearfix\">\n\t<h2 class=\"mkdf-accordion-title\">\n    <span class=\"mkdf-accordion-mark\">\n\t\t<span class=\"mkdf_icon_plus lnr lnr-chevron-right\"><\/span>\n\t\t<span class=\"mkdf_icon_minus lnr lnr-chevron-down\"><\/span>\n\t<\/span>\n\t<span class=\"mkdf-tab-title\">MDDr.Ivan Driapsa<\/span>\n<\/h2>\n<div class=\"mkdf-accordion-content\">\n\t<div class=\"mkdf-accordion-content-inner\">\n\t\t<div class=\"vc_row wpb_row vc_inner vc_row-fluid\" ><div class=\"wpb_column vc_column_container vc_col-sm-3\"><div class=\"vc_column-inner\"><div class=\"wpb_wrapper\">\n\t<div  class=\"wpb_single_image wpb_content_element vc_align_center\">\n\t\t\n\t\t<figure class=\"wpb_wrapper vc_figure\">\n\t\t\t<div class=\"vc_single_image-wrapper   vc_box_border_grey\"><img loading=\"lazy\" decoding=\"async\" width=\"350\" height=\"350\" src=\"https:\/\/www.ivodent.sk\/wp-content\/uploads\/2021\/08\/MDDr_Ivan_Driapsa.png\" class=\"vc_single_image-img attachment-full\" alt=\"\" srcset=\"https:\/\/www.ivodent.sk\/wp-content\/uploads\/2021\/08\/MDDr_Ivan_Driapsa.png 350w, https:\/\/www.ivodent.sk\/wp-content\/uploads\/2021\/08\/MDDr_Ivan_Driapsa-300x300.png 300w, https:\/\/www.ivodent.sk\/wp-content\/uploads\/2021\/08\/MDDr_Ivan_Driapsa-150x150.png 150w\" sizes=\"auto, (max-width: 350px) 100vw, 350px\" \/><\/div>\n\t\t<\/figure>\n\t<\/div>\n<\/div><\/div><\/div><div class=\"wpb_column vc_column_container vc_col-sm-9\"><div class=\"vc_column-inner\"><div class=\"wpb_wrapper\">\n\t<div class=\"wpb_text_column wpb_content_element  iv-text\" >\n\t\t<div class=\"wpb_wrapper\">\n\t\t\t<p><strong>Education:<br \/>\n<\/strong>Faculty of Medicine of the Comenius University in Bratislava, Department of Dentistry<\/p>\n<p><strong>Professional experience:<br \/>\n<\/strong>09\/2011 \u2013 07\/2016 Schill Dental Clinic, Karlovesk\u00e9 rameno 8, Bratislava<br \/>\n10\/2016 \u2013 present IVODENT \u2013 own dental practice<\/p>\n<p><strong>Courses and training:<\/strong><\/p>\n<p><strong>Member of ITI<\/strong>\u00a0(International Team for Implantology), 2016<br \/>\n<strong>Management of Complications in Implant Dentistry<\/strong>, Dr. Daniel Hess, Knittelfeld, Austria, 2016<br \/>\n<strong>Implants in the frontal and lateral section<\/strong>, MUDr. Ji\u0159\u00ed Krug, Ph.D., Bratislava, 2016<br \/>\n<strong>Modern occlusion and function, or how to make fixed prosthetics better and more precisely and large reconstructions reliably<\/strong>, MUDr. Zvol\u00e1nek, Prague, Czech Republic, 2016<br \/>\n<strong>B.O.P.T. (Biologically oriented preparation technique)<\/strong>, Dr. Ignazio Loi, Znojmo, Czech Republic, 2016<br \/>\n<strong>Excellence in endodontics<\/strong>, Dr. Clifford J. Ruddle, DDS, FICS, FACD, Bratislava, 2016<\/p>\n<p><strong>Direct restoratives \u2013 mastering anterior and posterior challenges<\/strong>, Dr. Markus Lenhard, Munich, Germany, 2013<br \/>\n<strong>Latest trends in CAD\/CAM dentistry<\/strong>, Dr. Florian Beuer; ZT Josef Schweiger, Munich, Germany, 2013<br \/>\n<strong>IFED 8th World Congress<\/strong>, Munich, Germany, 2013<br \/>\nBonded restorations, Dr. Pascal Magne, PhD., Brno, Czech Republic, 2013<\/p>\n<p>New trends in endodontics, MUDr. Ji\u0159\u00ed No\u017ei\u010dka, Ostrava, Czech Republic, 2012<\/p>\n<p>Competence in Esthetics 2011, Vienna, Austria, 2011<br \/>\nAdhesive techniques in direct and indirect restorations, International Center for Dental Education, Ivoclar Vivadent AG,<br \/>\nSchaan, Lichtenstein, 2011<\/p>\n\n\t\t<\/div>\n\t<\/div>\n<\/div><\/div><\/div><\/div>\t<\/div>\n<\/div><\/div><div class=\"vc_empty_space\"   style=\"height: 32px\"><span class=\"vc_empty_space_inner\"><\/span><\/div><\/div><\/div><\/div><\/div><div class=\"vc_row wpb_row vc_row-fluid\" ><div class=\"wpb_column vc_column_container vc_col-sm-12\"><div class=\"vc_column-inner\"><div class=\"wpb_wrapper\"><div class=\"mkdf-accordion-holder mkdf-ac-default  mkdf-accordion mkdf-ac-boxed  clearfix\">\n\t<h2 class=\"mkdf-accordion-title\">\n    <span class=\"mkdf-accordion-mark\">\n\t\t<span class=\"mkdf_icon_plus lnr lnr-chevron-right\"><\/span>\n\t\t<span class=\"mkdf_icon_minus lnr lnr-chevron-down\"><\/span>\n\t<\/span>\n\t<span class=\"mkdf-tab-title\">MDDr.Lukas Pleva<\/span>\n<\/h2>\n<div class=\"mkdf-accordion-content\">\n\t<div class=\"mkdf-accordion-content-inner\">\n\t\t<div class=\"vc_row wpb_row vc_inner vc_row-fluid\" ><div class=\"wpb_column vc_column_container vc_col-sm-3\"><div class=\"vc_column-inner\"><div class=\"wpb_wrapper\">\n\t<div  class=\"wpb_single_image wpb_content_element vc_align_center\">\n\t\t\n\t\t<figure class=\"wpb_wrapper vc_figure\">\n\t\t\t<div class=\"vc_single_image-wrapper   vc_box_border_grey\"><img loading=\"lazy\" decoding=\"async\" width=\"350\" height=\"350\" src=\"https:\/\/www.ivodent.sk\/wp-content\/uploads\/2021\/08\/MDDr_Lukas_Pleva.png\" class=\"vc_single_image-img attachment-full\" alt=\"\" srcset=\"https:\/\/www.ivodent.sk\/wp-content\/uploads\/2021\/08\/MDDr_Lukas_Pleva.png 350w, https:\/\/www.ivodent.sk\/wp-content\/uploads\/2021\/08\/MDDr_Lukas_Pleva-300x300.png 300w, https:\/\/www.ivodent.sk\/wp-content\/uploads\/2021\/08\/MDDr_Lukas_Pleva-150x150.png 150w\" sizes=\"auto, (max-width: 350px) 100vw, 350px\" \/><\/div>\n\t\t<\/figure>\n\t<\/div>\n<\/div><\/div><\/div><div class=\"wpb_column vc_column_container vc_col-sm-9\"><div class=\"vc_column-inner\"><div class=\"wpb_wrapper\">\n\t<div class=\"wpb_text_column wpb_content_element  iv-text\" >\n\t\t<div class=\"wpb_wrapper\">\n\t\t\t<p><strong>Education:<\/strong><br \/>\nSuccessfully completed studies in dentistry at the Faculty of Medicine of Comenius University in Bratislava. After graduating, he worked as a dentist at Stomalab until the summer of 2018, and subsequently worked at DentalWhite until the summer of 2019, when he joined our professional team. From February 2018, he began working in a dental emergency department. Already during his studies and professional practice, he completed numerous professional training courses, congresses, and practical workshops in Slovakia and the Czech Republic.<\/p>\n<p><strong>Courses and training<\/strong><\/p>\n<p>2014 October participation in\u00a0<strong>Dental Summit Prague<\/strong><br \/>\n2015 October participation in\u00a0<strong>Dental Summit Prague<\/strong><br \/>\n2017 November\u00a0<strong>Endodontic treatment in the 21st century<\/strong>\u00a0\u2013 professional lecture with MUDr. Lud\u011bk Pe\u0159inka CSc., Bratislava<br \/>\n2018 January\u00a0<strong>Endodontics \u2013 Expert lecture<\/strong>\u00a0with MUDr. Daniel \u010cern\u00fd, Bratislava<br \/>\n2018 February\u00a0<strong>Paradise gas in the dentist's office<\/strong>\u00a0\u2013 theoretical-practical course with MUDr. Otom Hlo\u017eom and Ing. Richard Chovan<br \/>\n2018 April\u00a0<strong>Aesthetics in everyday practice<\/strong>\u00a0\u2013 Hotel Mikado Nitra<br \/>\n2018 June Practical lectures MUDr. Ji\u0159\u00ed No\u017ei\u010dka \u2013\u00a0<strong>Total and hybrid prostheses, Jaw relations, Preprosthetic surgery, Bite augmentation, Reconstruction of jaw relations<\/strong><br \/>\n2018 September Lectures into practice MUDr. Ju\u0159\u00edho No\u017ei\u010dka 2 \u2013\u00a0<strong>Fixed prosthetics, Composite inlay\/onlay, Metal ceramics, High frequency current<\/strong><br \/>\n2019 May Crown, Onlay,\u00a0<strong>Overlay \u2013 theoretical \u2013 practical course with Dr. Paul Gerloczy, DMD<\/strong><\/p>\n\n\t\t<\/div>\n\t<\/div>\n<\/div><\/div><\/div><\/div>\t<\/div>\n<\/div><\/div><div class=\"vc_empty_space\"   style=\"height: 32px\"><span class=\"vc_empty_space_inner\"><\/span><\/div><\/div><\/div><\/div><\/div><div class=\"vc_row wpb_row vc_row-fluid\" ><div class=\"wpb_column vc_column_container vc_col-sm-12\"><div class=\"vc_column-inner\"><div class=\"wpb_wrapper\"><div class=\"mkdf-accordion-holder mkdf-ac-default  mkdf-accordion mkdf-ac-boxed  clearfix\">\n\t<h2 class=\"mkdf-accordion-title\">\n    <span class=\"mkdf-accordion-mark\">\n\t\t<span class=\"mkdf_icon_plus lnr lnr-chevron-right\"><\/span>\n\t\t<span class=\"mkdf_icon_minus lnr lnr-chevron-down\"><\/span>\n\t<\/span>\n\t<span class=\"mkdf-tab-title\">MDDr. Martin Masha<\/span>\n<\/h2>\n<div class=\"mkdf-accordion-content\">\n\t<div class=\"mkdf-accordion-content-inner\">\n\t\t<div class=\"vc_row wpb_row vc_inner vc_row-fluid\" ><div class=\"wpb_column vc_column_container vc_col-sm-3\"><div class=\"vc_column-inner\"><div class=\"wpb_wrapper\">\n\t<div  class=\"wpb_single_image wpb_content_element vc_align_center\">\n\t\t\n\t\t<figure class=\"wpb_wrapper vc_figure\">\n\t\t\t<div class=\"vc_single_image-wrapper   vc_box_border_grey\"><img loading=\"lazy\" decoding=\"async\" width=\"350\" height=\"350\" src=\"https:\/\/www.ivodent.sk\/wp-content\/uploads\/2021\/08\/MDDr_Martin_Masa.png\" class=\"vc_single_image-img attachment-full\" alt=\"\" srcset=\"https:\/\/www.ivodent.sk\/wp-content\/uploads\/2021\/08\/MDDr_Martin_Masa.png 350w, https:\/\/www.ivodent.sk\/wp-content\/uploads\/2021\/08\/MDDr_Martin_Masa-300x300.png 300w, https:\/\/www.ivodent.sk\/wp-content\/uploads\/2021\/08\/MDDr_Martin_Masa-150x150.png 150w\" sizes=\"auto, (max-width: 350px) 100vw, 350px\" \/><\/div>\n\t\t<\/figure>\n\t<\/div>\n<\/div><\/div><\/div><div class=\"wpb_column vc_column_container vc_col-sm-9\"><div class=\"vc_column-inner\"><div class=\"wpb_wrapper\">\n\t<div class=\"wpb_text_column wpb_content_element  iv-text\" >\n\t\t<div class=\"wpb_wrapper\">\n\t\t\t<p><strong>Education:<br \/>\n<\/strong>He graduated from Palack\u00fd University in Olomouc and started working at the Dental Clinic, Department of Periodontology, where he specializes in this field. Currently, he has started his PhD studies, focusing on the latest biological approaches to the treatment of periodontitis (also known as gum disease), as well as giving professional lectures and engaging in publishing activities. He joined our team in the fall of 2019. He perceives dentistry in a comprehensive way, which is why he also educates himself in prosthetics, aesthetic, and conservative dentistry.<\/p>\n<p><strong>Professional experience:<br \/>\n<\/strong>08\/2019 \u2013 present - Department of Periodontology, Clinic of Dentistry, Faculty Hospital Olomouc<br \/>\n10\/2019 \u2013 present- IVODENT, private dental practice<br \/>\n07 \u2013 09\/2019 \u2013 emergency clinic Petramed Clinic, \u010cadca<\/p>\n<p><strong>Courses and training:<\/strong><\/p>\n<p>PhD. Studies in the clinical field of Periodontology, Faculty Hospital Olomouc<br \/>\n2020 \u2013 Innovative endodontic shaping, MDDr. Milan Lehotsk\u00fd, Bratislava<br \/>\n2020 \u2013 Does not accept composite onlej, MDDr. Jan Voj\u00edk, Brno<br \/>\nPragodent 2019<br \/>\nDr. Johan Figueira \u2013 Hot topics in Esthetic Dentistry 03\/2019<br \/>\nInvisalign lecture 10\/2018<br \/>\nWe know how to treat tooth decay, 2018<br \/>\nDental Summit Prague, 2018<br \/>\nPrague Dental Days 09\/2018<br \/>\nUPDENT 2018 \u2013 Congress focused on soft skills in dentistry, Olomouc<br \/>\nFabio Fowler DDS, MBA- Science Based Direct Adhesive Dentistry, 2018<br \/>\nWe know how to treat tooth decay, Olomouc 2017<br \/>\nProf.Dr.Renato de Toledo- Contemporary technological resources in Endodontics, 2017<br \/>\nInspired by the function - Ond\u0159ej Adam, 2016<\/p>\n\n\t\t<\/div>\n\t<\/div>\n<\/div><\/div><\/div><\/div>\t<\/div>\n<\/div><\/div><div class=\"vc_empty_space\"   style=\"height: 32px\"><span class=\"vc_empty_space_inner\"><\/span><\/div><\/div><\/div><\/div><\/div><\/section><div class=\"vc_row-full-width vc_clearfix\"><\/div><div data-vc-full-width=\"true\" data-vc-full-width-init=\"false\" class=\"vc_row wpb_row vc_row-fluid vc_custom_1628274543044 vc_row-has-fill vc_column-gap-35\" ><div class=\"wpb_column vc_column_container vc_col-sm-12\"><div class=\"vc_column-inner\"><div class=\"wpb_wrapper\"><div class=\"vc_row wpb_row vc_inner vc_row-fluid\" ><div class=\"wpb_column vc_column_container vc_col-sm-4\"><div class=\"vc_column-inner\"><div class=\"wpb_wrapper\">\n\t<div  class=\"wpb_single_image wpb_content_element vc_align_center\">\n\t\t\n\t\t<figure class=\"wpb_wrapper vc_figure\">\n\t\t\t<div class=\"vc_single_image-wrapper   vc_box_border_grey\"><img loading=\"lazy\" decoding=\"async\" width=\"504\" height=\"503\" src=\"https:\/\/www.ivodent.sk\/wp-content\/uploads\/2021\/08\/Marcela_Bohusova2.png\" class=\"vc_single_image-img attachment-full\" alt=\"\" srcset=\"https:\/\/www.ivodent.sk\/wp-content\/uploads\/2021\/08\/Marcela_Bohusova2.png 504w, https:\/\/www.ivodent.sk\/wp-content\/uploads\/2021\/08\/Marcela_Bohusova2-300x300.png 300w, https:\/\/www.ivodent.sk\/wp-content\/uploads\/2021\/08\/Marcela_Bohusova2-150x150.png 150w\" sizes=\"auto, (max-width: 504px) 100vw, 504px\" \/><\/div>\n\t\t<\/figure>\n\t<\/div>\n<h3 style=\"font-size: 19px;color: #0a0a0a;text-align: center\" class=\"vc_custom_heading\" >Marcela Bohu\u0161ov\u00e1<\/h3><\/div><\/div><\/div><div class=\"wpb_column vc_column_container vc_col-sm-4\"><div class=\"vc_column-inner\"><div class=\"wpb_wrapper\">\n\t<div  class=\"wpb_single_image wpb_content_element vc_align_center\">\n\t\t\n\t\t<figure class=\"wpb_wrapper vc_figure\">\n\t\t\t<div class=\"vc_single_image-wrapper   vc_box_border_grey\"><img loading=\"lazy\" decoding=\"async\" width=\"504\" height=\"503\" src=\"https:\/\/www.ivodent.sk\/wp-content\/uploads\/2021\/08\/simona2.png\" class=\"vc_single_image-img attachment-full\" alt=\"\" srcset=\"https:\/\/www.ivodent.sk\/wp-content\/uploads\/2021\/08\/simona2.png 504w, https:\/\/www.ivodent.sk\/wp-content\/uploads\/2021\/08\/simona2-300x300.png 300w, https:\/\/www.ivodent.sk\/wp-content\/uploads\/2021\/08\/simona2-150x150.png 150w\" sizes=\"auto, (max-width: 504px) 100vw, 504px\" \/><\/div>\n\t\t<\/figure>\n\t<\/div>\n<h3 style=\"font-size: 19px;color: #0a0a0a;text-align: center\" class=\"vc_custom_heading\" >Simona Vargov\u00e1<\/h3><\/div><\/div><\/div><div class=\"wpb_column vc_column_container vc_col-sm-4\"><div class=\"vc_column-inner\"><div class=\"wpb_wrapper\"><\/div><\/div><\/div><\/div><\/div><\/div><\/div><\/div><div class=\"vc_row-full-width vc_clearfix\"><\/div>","protected":false},"excerpt":{"rendered":"Ka\u017ed\u00fd z\u00e1krok je prev\u00e1dzan\u00fd kvalifikovan\u00fdmi dent\u00e1lnymi odborn\u00edkmi Rezerv\u00e1cia&nbsp;&nbsp;&nbsp;&nbsp;O\u0161etrenia N\u00e1\u0161 t\u00edm MDDr. Ivan Driapsa Vzdelanie: Lek\u00e1rska fakulta Univerzity Komensk\u00e9ho v Bratislave, odbor zubn\u00e9 lek\u00e1rstvo Profesn\u00e9 sk\u00fasenosti: 09\/2011 \u2013 07\/2016 Schill Dental Clinic, Karlovesk\u00e9 rameno 8, Bratislava 10\/2016 \u2013 s\u00fa\u010dasnos\u0165 IVODENT \u2013 [...]","protected":false},"author":1,"featured_media":0,"parent":0,"menu_order":0,"comment_status":"closed","ping_status":"closed","template":"","meta":{"footnotes":""},"class_list":["post-10","page","type-page","status-publish","hentry"],"yoast_head":"<!-- This site is optimized with the Yoast SEO plugin v17.8 - https:\/\/yoast.com\/wordpress\/plugins\/seo\/ -->\n<title>N\u00e1\u0161 t\u00edm &bull; Ivodent<\/title>\n<meta name=\"robots\" content=\"index, follow, max-snippet:-1, max-image-preview:large, max-video-preview:-1\" \/>\n<link rel=\"canonical\" href=\"https:\/\/www.ivodent.sk\/en\/about-us\/\" \/>\n<meta property=\"og:locale\" content=\"en_GB\" \/>\n<meta property=\"og:type\" content=\"article\" \/>\n<meta property=\"og:title\" content=\"N\u00e1\u0161 t\u00edm &bull; Ivodent\" \/>\n<meta property=\"og:url\" content=\"https:\/\/www.ivodent.sk\/en\/about-us\/\" \/>\n<meta property=\"og:site_name\" content=\"Ivodent\" \/>\n<meta property=\"article:modified_time\" content=\"2026-04-23T07:28:05+00:00\" \/>\n<meta name=\"twitter:card\" content=\"summary_large_image\" \/>\n<meta name=\"twitter:label1\" content=\"Estimated reading time\" \/>\n\t<meta name=\"twitter:data1\" content=\"6 minutes\" \/>\n<script type=\"application\/ld+json\" class=\"yoast-schema-graph\">{\"@context\":\"https:\/\/schema.org\",\"@graph\":[{\"@type\":\"WebSite\",\"@id\":\"https:\/\/www.ivodent.sk\/#website\",\"url\":\"https:\/\/www.ivodent.sk\/\",\"name\":\"Ivodent\",\"description\":\"IvoDent Dental Care vzniklo v roku 2016 s cie\\u013eom poskytn\\u00fa\\u0165 stomatologick\\u00fa starostlivos\\u0165 na najvy\\u0161\\u0161ej \\u00farovni v pr\\u00edjemnom prostred\\u00ed a s vyu\\u017eit\\u00edm modern\\u00fdch postupov. Prioritou na\\u0161ej praxe je pacient a jeho potreby.\",\"potentialAction\":[{\"@type\":\"SearchAction\",\"target\":{\"@type\":\"EntryPoint\",\"urlTemplate\":\"https:\/\/www.ivodent.sk\/?s={search_term_string}\"},\"query-input\":\"required name=search_term_string\"}],\"inLanguage\":\"en-GB\"},{\"@type\":\"WebPage\",\"@id\":\"https:\/\/www.ivodent.sk\/o-nas\/#webpage\",\"url\":\"https:\/\/www.ivodent.sk\/o-nas\/\",\"name\":\"N\\u00e1\\u0161 t\\u00edm &bull; Ivodent\",\"isPartOf\":{\"@id\":\"https:\/\/www.ivodent.sk\/#website\"},\"datePublished\":\"2021-08-06T07:07:11+00:00\",\"dateModified\":\"2026-04-23T07:28:05+00:00\",\"breadcrumb\":{\"@id\":\"https:\/\/www.ivodent.sk\/o-nas\/#breadcrumb\"},\"inLanguage\":\"en-GB\",\"potentialAction\":[{\"@type\":\"ReadAction\",\"target\":[\"https:\/\/www.ivodent.sk\/o-nas\/\"]}]},{\"@type\":\"BreadcrumbList\",\"@id\":\"https:\/\/www.ivodent.sk\/o-nas\/#breadcrumb\",\"itemListElement\":[{\"@type\":\"ListItem\",\"position\":1,\"name\":\"Domovsk\\u00e1 str\\u00e1nka\",\"item\":\"https:\/\/www.ivodent.sk\/\"},{\"@type\":\"ListItem\",\"position\":2,\"name\":\"O n\\u00e1s\"}]}]}<\/script>\n<!-- \/ Yoast SEO plugin. -->","yoast_head_json":{"title":"N\u00e1\u0161 t\u00edm &bull; Ivodent","robots":{"index":"index","follow":"follow","max-snippet":"max-snippet:-1","max-image-preview":"max-image-preview:large","max-video-preview":"max-video-preview:-1"},"canonical":"https:\/\/www.ivodent.sk\/en\/about-us\/","og_locale":"en_GB","og_type":"article","og_title":"N\u00e1\u0161 t\u00edm &bull; Ivodent","og_url":"https:\/\/www.ivodent.sk\/en\/about-us\/","og_site_name":"Ivodent","article_modified_time":"2026-04-23T07:28:05+00:00","twitter_card":"summary_large_image","twitter_misc":{"Estimated reading time":"6 minutes"},"schema":{"@context":"https:\/\/schema.org","@graph":[{"@type":"WebSite","@id":"https:\/\/www.ivodent.sk\/#website","url":"https:\/\/www.ivodent.sk\/","name":"Ivodent","description":"IvoDent Dental Care vzniklo v roku 2016 s cie\u013eom poskytn\u00fa\u0165 stomatologick\u00fa starostlivos\u0165 na najvy\u0161\u0161ej \u00farovni v pr\u00edjemnom prostred\u00ed a s vyu\u017eit\u00edm modern\u00fdch postupov. Prioritou na\u0161ej praxe je pacient a jeho potreby.","potentialAction":[{"@type":"SearchAction","target":{"@type":"EntryPoint","urlTemplate":"https:\/\/www.ivodent.sk\/?s={search_term_string}"},"query-input":"required name=search_term_string"}],"inLanguage":"en-GB"},{"@type":"WebPage","@id":"https:\/\/www.ivodent.sk\/o-nas\/#webpage","url":"https:\/\/www.ivodent.sk\/o-nas\/","name":"N\u00e1\u0161 t\u00edm &bull; Ivodent","isPartOf":{"@id":"https:\/\/www.ivodent.sk\/#website"},"datePublished":"2021-08-06T07:07:11+00:00","dateModified":"2026-04-23T07:28:05+00:00","breadcrumb":{"@id":"https:\/\/www.ivodent.sk\/o-nas\/#breadcrumb"},"inLanguage":"en-GB","potentialAction":[{"@type":"ReadAction","target":["https:\/\/www.ivodent.sk\/o-nas\/"]}]},{"@type":"BreadcrumbList","@id":"https:\/\/www.ivodent.sk\/o-nas\/#breadcrumb","itemListElement":[{"@type":"ListItem","position":1,"name":"Domovsk\u00e1 str\u00e1nka","item":"https:\/\/www.ivodent.sk\/"},{"@type":"ListItem","position":2,"name":"O n\u00e1s"}]}]}},"_links":{"self":[{"href":"https:\/\/www.ivodent.sk\/en\/wp-json\/wp\/v2\/pages\/10","targetHints":{"allow":["GET"]}}],"collection":[{"href":"https:\/\/www.ivodent.sk\/en\/wp-json\/wp\/v2\/pages"}],"about":[{"href":"https:\/\/www.ivodent.sk\/en\/wp-json\/wp\/v2\/types\/page"}],"author":[{"embeddable":true,"href":"https:\/\/www.ivodent.sk\/en\/wp-json\/wp\/v2\/users\/1"}],"replies":[{"embeddable":true,"href":"https:\/\/www.ivodent.sk\/en\/wp-json\/wp\/v2\/comments?post=10"}],"version-history":[{"count":41,"href":"https:\/\/www.ivodent.sk\/en\/wp-json\/wp\/v2\/pages\/10\/revisions"}],"predecessor-version":[{"id":1069,"href":"https:\/\/www.ivodent.sk\/en\/wp-json\/wp\/v2\/pages\/10\/revisions\/1069"}],"wp:attachment":[{"href":"https:\/\/www.ivodent.sk\/en\/wp-json\/wp\/v2\/media?parent=10"}],"curies":[{"name":"wp","href":"https:\/\/api.w.org\/{rel}","templated":true}]}}