{"id":16,"date":"2021-08-06T09:07:41","date_gmt":"2021-08-06T07:07:41","guid":{"rendered":"https:\/\/www.ivodent.sk\/?page_id=16"},"modified":"2026-02-04T16:11:35","modified_gmt":"2026-02-04T15:11:35","slug":"cennik","status":"publish","type":"page","link":"https:\/\/www.ivodent.sk\/en\/price-list\/","title":{"rendered":"PRICE LIST"},"content":{"rendered":"<section data-vc-full-width=\"true\" data-vc-full-width-init=\"false\" data-vc-stretch-content=\"true\" class=\"vc_section\"><div data-vc-full-width=\"true\" data-vc-full-width-init=\"false\" data-vc-stretch-content=\"true\" class=\"vc_row wpb_row vc_row-fluid iv-welcome subpage vc_row-no-padding vc_row-o-equal-height vc_row-o-content-middle vc_row-flex\" ><div class=\"left wpb_column vc_column_container vc_col-sm-6 vc_col-has-fill\"><div class=\"vc_column-inner vc_custom_1632339726646\"><div class=\"wpb_wrapper\"><h1 style=\"color: #ffffff;text-align: left\" class=\"vc_custom_heading\" >PRICE LIST<\/h1>\n\t<div class=\"wpb_text_column wpb_content_element\" >\n\t\t<div class=\"wpb_wrapper\">\n\t\t\t<p>We are a clinic that prides itself on an individual approach to each patient, creating a personalized treatment and financial plan, and, last but not least, providing painless treatment<\/p>\n\n\t\t<\/div>\n\t<\/div>\n<\/div><\/div><\/div><div class=\"right wpb_column vc_column_container vc_col-sm-6 vc_col-has-fill\"><div class=\"vc_column-inner vc_custom_1632385968511\"><div class=\"wpb_wrapper\"><\/div><\/div><\/div><\/div><div class=\"vc_row-full-width vc_clearfix\"><\/div><\/section><div class=\"vc_row-full-width vc_clearfix\"><\/div><section class=\"vc_section iv-section\"><div class=\"vc_row wpb_row vc_row-fluid\" ><div class=\"wpb_column vc_column_container vc_col-sm-12\"><div class=\"vc_column-inner\"><div class=\"wpb_wrapper\"><div class=\"row iv-cenik\"><div class=\"mb-4 mb-sm-0 col-sm-6\">\n\t\t        \t\t<a class=\"iv-cenik_item\" href=\"#objednat\">\n\t\t        \t\t<div class=\"row align-items-center\">\n\t\t        \t\t<div class=\"col-4\">\n\t\t        \t\t\t<img decoding=\"async\" src=\"https:\/\/www.ivodent.sk\/wp-content\/uploads\/2021\/08\/Vstupne_komplexne_vysetrenie.png\" class=\"img\" \/>\n\t\t        \t\t\t<img decoding=\"async\" src=\"https:\/\/www.ivodent.sk\/wp-content\/uploads\/2021\/09\/Vstupne_komplexne_vysetrenie_white.png\" class=\"img_hover\" \/>\n\t\t        \t\t<\/div>\n\t\t        \t\t<div class=\"col-8\">\n\t\t        \t\t\t<div class=\"name\">Initial examination<\/div>\n\t\t        \t\t\t<div class=\"price\">45\u20ac<\/div>\n\t\t        \t\t<\/div>\n\t\t        \t\t<\/div>\n\t\t        \t\t<\/a>\n\t\t        \t\t<\/div><div class=\"mb-4 mb-sm-0 col-sm-6\">\n\t\t        \t\t<a class=\"iv-cenik_item\" href=\"#objednat\">\n\t\t        \t\t<div class=\"row align-items-center\">\n\t\t        \t\t<div class=\"col-4\">\n\t\t        \t\t\t<img decoding=\"async\" src=\"https:\/\/www.ivodent.sk\/wp-content\/uploads\/2021\/08\/Odborna_konzultacia.png\" class=\"img\" \/>\n\t\t        \t\t\t<img decoding=\"async\" src=\"https:\/\/www.ivodent.sk\/wp-content\/uploads\/2021\/09\/konzultacia_white.png\" class=\"img_hover\" \/>\n\t\t        \t\t<\/div>\n\t\t        \t\t<div class=\"col-8\">\n\t\t        \t\t\t<div class=\"name\">Expert consultation<\/div>\n\t\t        \t\t\t<div class=\"price\">35\u20ac<\/div>\n\t\t        \t\t<\/div>\n\t\t        \t\t<\/div>\n\t\t        \t\t<\/a>\n\t\t        \t\t<\/div><div class=\"mb-4 mb-sm-0 col-sm-6\">\n\t\t        \t\t<a class=\"iv-cenik_item\" href=\"#objednat\">\n\t\t        \t\t<div class=\"row align-items-center\">\n\t\t        \t\t<div class=\"col-4\">\n\t\t        \t\t\t<img decoding=\"async\" src=\"https:\/\/www.ivodent.sk\/wp-content\/uploads\/2021\/08\/RTG_panoramaticka_snimka.png\" class=\"img\" \/>\n\t\t        \t\t\t<img decoding=\"async\" src=\"https:\/\/www.ivodent.sk\/wp-content\/uploads\/2021\/09\/rtg_panorama_white.png\" class=\"img_hover\" \/>\n\t\t        \t\t<\/div>\n\t\t        \t\t<div class=\"col-8\">\n\t\t        \t\t\t<div class=\"name\">X-ray panoramic image<\/div>\n\t\t        \t\t\t<div class=\"price\">25\u20ac<\/div>\n\t\t        \t\t<\/div>\n\t\t        \t\t<\/div>\n\t\t        \t\t<\/a>\n\t\t        \t\t<\/div><div class=\"mb-4 mb-sm-0 col-sm-6\">\n\t\t        \t\t<a class=\"iv-cenik_item\" href=\"#objednat\">\n\t\t        \t\t<div class=\"row align-items-center\">\n\t\t        \t\t<div class=\"col-4\">\n\t\t        \t\t\t<img decoding=\"async\" src=\"https:\/\/www.ivodent.sk\/wp-content\/uploads\/2021\/08\/RTG_intraoralna_snimka_zubov.png\" class=\"img\" \/>\n\t\t        \t\t\t<img decoding=\"async\" src=\"https:\/\/www.ivodent.sk\/wp-content\/uploads\/2021\/09\/rtg_white.png\" class=\"img_hover\" \/>\n\t\t        \t\t<\/div>\n\t\t        \t\t<div class=\"col-8\">\n\t\t        \t\t\t<div class=\"name\">X-ray intraoral image of teeth<\/div>\n\t\t        \t\t\t<div class=\"price\">14\u20ac<\/div>\n\t\t        \t\t<\/div>\n\t\t        \t\t<\/div>\n\t\t        \t\t<\/a>\n\t\t        \t\t<\/div><div class=\"mb-4 mb-sm-0 col-sm-6\">\n\t\t        \t\t<a class=\"iv-cenik_item\" href=\"#objednat\">\n\t\t        \t\t<div class=\"row align-items-center\">\n\t\t        \t\t<div class=\"col-4\">\n\t\t        \t\t\t<img decoding=\"async\" src=\"https:\/\/www.ivodent.sk\/wp-content\/uploads\/2021\/08\/Komplexna_dentalna_hygiena.png\" class=\"img\" \/>\n\t\t        \t\t\t<img decoding=\"async\" src=\"https:\/\/www.ivodent.sk\/wp-content\/uploads\/2021\/09\/hygiena_white.png\" class=\"img_hover\" \/>\n\t\t        \t\t<\/div>\n\t\t        \t\t<div class=\"col-8\">\n\t\t        \t\t\t<div class=\"name\">Dental hygiene<\/div>\n\t\t        \t\t\t<div class=\"price\">85\u20ac<\/div>\n\t\t        \t\t<\/div>\n\t\t        \t\t<\/div>\n\t\t        \t\t<\/a>\n\t\t        \t\t<\/div><div class=\"mb-4 mb-sm-0 col-sm-6\">\n\t\t        \t\t<a class=\"iv-cenik_item\" href=\"#objednat\">\n\t\t        \t\t<div class=\"row align-items-center\">\n\t\t        \t\t<div class=\"col-4\">\n\t\t        \t\t\t<img decoding=\"async\" src=\"https:\/\/www.ivodent.sk\/wp-content\/uploads\/2021\/08\/Fotokompozitna_vypln.png\" class=\"img\" \/>\n\t\t        \t\t\t<img decoding=\"async\" src=\"https:\/\/www.ivodent.sk\/wp-content\/uploads\/2021\/09\/vypln_white.png\" class=\"img_hover\" \/>\n\t\t        \t\t<\/div>\n\t\t        \t\t<div class=\"col-8\">\n\t\t        \t\t\t<div class=\"name\">Fotokompozitn\u00e1 v\u00fdpl\u0148<\/div>\n\t\t        \t\t\t<div class=\"price\">od 89\u20ac<\/div>\n\t\t        \t\t<\/div>\n\t\t        \t\t<\/div>\n\t\t        \t\t<\/a>\n\t\t        \t\t<\/div><div class=\"mb-4 mb-sm-0 col-sm-6\">\n\t\t        \t\t<a class=\"iv-cenik_item\" href=\"#objednat\">\n\t\t        \t\t<div class=\"row align-items-center\">\n\t\t        \t\t<div class=\"col-4\">\n\t\t        \t\t\t<img decoding=\"async\" src=\"https:\/\/www.ivodent.sk\/wp-content\/uploads\/2021\/08\/Kovokeramicka_korunka.png\" class=\"img\" \/>\n\t\t        \t\t\t<img decoding=\"async\" src=\"https:\/\/www.ivodent.sk\/wp-content\/uploads\/2021\/09\/korunka_white.png\" class=\"img_hover\" \/>\n\t\t        \t\t<\/div>\n\t\t        \t\t<div class=\"col-8\">\n\t\t        \t\t\t<div class=\"name\">Metal-ceramic crown<\/div>\n\t\t        \t\t\t<div class=\"price\">od 420\u20ac<\/div>\n\t\t        \t\t<\/div>\n\t\t        \t\t<\/div>\n\t\t        \t\t<\/a>\n\t\t        \t\t<\/div><div class=\"mb-4 mb-sm-0 col-sm-6\">\n\t\t        \t\t<a class=\"iv-cenik_item\" href=\"#objednat\">\n\t\t        \t\t<div class=\"row align-items-center\">\n\t\t        \t\t<div class=\"col-4\">\n\t\t        \t\t\t<img decoding=\"async\" src=\"https:\/\/www.ivodent.sk\/wp-content\/uploads\/2021\/08\/Kovokeramicka_korunka.png\" class=\"img\" \/>\n\t\t        \t\t\t<img decoding=\"async\" src=\"https:\/\/www.ivodent.sk\/wp-content\/uploads\/2021\/09\/korunka_white.png\" class=\"img_hover\" \/>\n\t\t        \t\t<\/div>\n\t\t        \t\t<div class=\"col-8\">\n\t\t        \t\t\t<div class=\"name\">All-ceramic crown, facet<\/div>\n\t\t        \t\t\t<div class=\"price\">od 545\u20ac<\/div>\n\t\t        \t\t<\/div>\n\t\t        \t\t<\/div>\n\t\t        \t\t<\/a>\n\t\t        \t\t<\/div><div class=\"mb-4 mb-sm-0 col-sm-6\">\n\t\t        \t\t<a class=\"iv-cenik_item\" href=\"#objednat\">\n\t\t        \t\t<div class=\"row align-items-center\">\n\t\t        \t\t<div class=\"col-4\">\n\t\t        \t\t\t<img decoding=\"async\" src=\"https:\/\/www.ivodent.sk\/wp-content\/uploads\/2021\/08\/Celkova_snimatelna_nahrada.png\" class=\"img\" \/>\n\t\t        \t\t\t<img decoding=\"async\" src=\"https:\/\/www.ivodent.sk\/wp-content\/uploads\/2021\/09\/nahrada_white.png\" class=\"img_hover\" \/>\n\t\t        \t\t<\/div>\n\t\t        \t\t<div class=\"col-8\">\n\t\t        \t\t\t<div class=\"name\">Removable replacement<\/div>\n\t\t        \t\t\t<div class=\"price\">od 645\u20ac<\/div>\n\t\t        \t\t<\/div>\n\t\t        \t\t<\/div>\n\t\t        \t\t<\/a>\n\t\t        \t\t<\/div><div class=\"mb-4 mb-sm-0 col-sm-6\">\n\t\t        \t\t<a class=\"iv-cenik_item\" href=\"#objednat\">\n\t\t        \t\t<div class=\"row align-items-center\">\n\t\t        \t\t<div class=\"col-4\">\n\t\t        \t\t\t<img decoding=\"async\" src=\"https:\/\/www.ivodent.sk\/wp-content\/uploads\/2021\/08\/Celokeramicka_korunka-fazeta.png\" class=\"img\" \/>\n\t\t        \t\t\t<img decoding=\"async\" src=\"https:\/\/www.ivodent.sk\/wp-content\/uploads\/2021\/09\/korunka_white.png\" class=\"img_hover\" \/>\n\t\t        \t\t<\/div>\n\t\t        \t\t<div class=\"col-8\">\n\t\t        \t\t\t<div class=\"name\">CEREC crown<\/div>\n\t\t        \t\t\t<div class=\"price\">from \u20ac385<\/div>\n\t\t        \t\t<\/div>\n\t\t        \t\t<\/div>\n\t\t        \t\t<\/a>\n\t\t        \t\t<\/div><div class=\"mb-4 mb-sm-0 col-sm-6\">\n\t\t        \t\t<a class=\"iv-cenik_item\" href=\"#objednat\">\n\t\t        \t\t<div class=\"row align-items-center\">\n\t\t        \t\t<div class=\"col-4\">\n\t\t        \t\t\t<img decoding=\"async\" src=\"https:\/\/www.ivodent.sk\/wp-content\/uploads\/2021\/08\/Implantat_straumann.png\" class=\"img\" \/>\n\t\t        \t\t\t<img decoding=\"async\" src=\"https:\/\/www.ivodent.sk\/wp-content\/uploads\/2021\/09\/implantat_white.png\" class=\"img_hover\" \/>\n\t\t        \t\t<\/div>\n\t\t        \t\t<div class=\"col-8\">\n\t\t        \t\t\t<div class=\"name\">Straumann implant<\/div>\n\t\t        \t\t\t<div class=\"price\">od 900\u20ac<\/div>\n\t\t        \t\t<\/div>\n\t\t        \t\t<\/div>\n\t\t        \t\t<\/a>\n\t\t        \t\t<\/div><div class=\"mb-4 mb-sm-0 col-sm-6\">\n\t\t        \t\t<a class=\"iv-cenik_item\" href=\"#objednat\">\n\t\t        \t\t<div class=\"row align-items-center\">\n\t\t        \t\t<div class=\"col-4\">\n\t\t        \t\t\t<img decoding=\"async\" src=\"https:\/\/www.ivodent.sk\/wp-content\/uploads\/2021\/08\/RTG_panoramaticka_snimka.png\" class=\"img\" \/>\n\t\t        \t\t\t<img decoding=\"async\" src=\"https:\/\/www.ivodent.sk\/wp-content\/uploads\/2021\/09\/rtg_panorama_white.png\" class=\"img_hover\" \/>\n\t\t        \t\t<\/div>\n\t\t        \t\t<div class=\"col-8\">\n\t\t        \t\t\t<div class=\"name\">3D CT Scan of teeth<\/div>\n\t\t        \t\t\t<div class=\"price\">95\u20ac<\/div>\n\t\t        \t\t<\/div>\n\t\t        \t\t<\/div>\n\t\t        \t\t<\/a>\n\t\t        \t\t<\/div><\/div><\/div><\/div><\/div><\/div><\/section><div class=\"vc_row wpb_row vc_row-fluid vc_custom_1632386134738\" ><div class=\"wpb_column vc_column_container vc_col-sm-12\"><div class=\"vc_column-inner\"><div class=\"wpb_wrapper\"><div class=\"vc_message_box vc_message_box-standard vc_message_box-rounded vc_color-info\" ><div class=\"vc_message_box-icon\"><i class=\"fas fa-info-circle\"><\/i><\/div><p>After completing the consultation and professional examination, we will draw up a treatment plan and, based on it, a price calculation. We provide a standard two-year guarantee for all dental procedures, which is valid if the patient undergoes regular preventive examinations and dental hygiene.<\/p>\n<\/div><\/div><\/div><\/div><\/div><section id=\"objednat\" data-vc-full-width=\"true\" data-vc-full-width-init=\"false\" class=\"vc_section iv-section vc_custom_1632387685219 vc_section-has-fill\"><div class=\"vc_row wpb_row vc_row-fluid iv-white_form\" ><div class=\"wpb_column vc_column_container vc_col-sm-12\"><div class=\"vc_column-inner\"><div class=\"wpb_wrapper\"><h2 style=\"color: #0a0a0a;text-align: left\" class=\"vc_custom_heading\" >Order an examination<\/h2><div class=\"vc_empty_space\"   style=\"height: 32px\"><span class=\"vc_empty_space_inner\"><\/span><\/div><div role=\"form\" class=\"wpcf7\" id=\"wpcf7-f174-o1\" lang=\"sk-SK\" dir=\"ltr\">\n<div class=\"screen-reader-response\"><p role=\"status\" aria-live=\"polite\" aria-atomic=\"true\"><\/p> <ul><\/ul><\/div>\n<form action=\"\/en\/wp-json\/wp\/v2\/pages\/16#wpcf7-f174-o1\" method=\"post\" class=\"wpcf7-form init\" novalidate=\"novalidate\" data-status=\"init\" data-trp-original-action=\"\/en\/wp-json\/wp\/v2\/pages\/16#wpcf7-f174-o1\">\n<div style=\"display: none;\">\n<input type=\"hidden\" name=\"_wpcf7\" value=\"174\" \/>\n<input type=\"hidden\" name=\"_wpcf7_version\" value=\"5.4.2\" \/>\n<input type=\"hidden\" name=\"_wpcf7_locale\" value=\"sk_SK\" \/>\n<input type=\"hidden\" name=\"_wpcf7_unit_tag\" value=\"wpcf7-f174-o1\" \/>\n<input type=\"hidden\" name=\"_wpcf7_container_post\" value=\"0\" \/>\n<input type=\"hidden\" name=\"_wpcf7_posted_data_hash\" value=\"\" \/>\n<input type=\"hidden\" name=\"_wpcf7_recaptcha_response\" value=\"\" \/>\n<\/div>\n<p><span class=\"wpcf7-form-control-wrap formCtaType\"><input type=\"text\" name=\"formCtaType\" value=\"\" size=\"40\" class=\"wpcf7-form-control wpcf7-text d-none\" aria-invalid=\"false\" \/><\/span><\/p>\n<div class=\"row\">\n<div class=\"col-md-6\">\n<label> Name<\/label><br \/>\n<span class=\"wpcf7-form-control-wrap first_name\"><input type=\"text\" name=\"first_name\" value=\"\" size=\"40\" class=\"wpcf7-form-control wpcf7-text wpcf7-validates-as-required\" aria-required=\"true\" aria-invalid=\"false\" \/><\/span>\n<\/div>\n<div class=\"col-md-6\">\n<label> Surname<\/label><br \/>\n<span class=\"wpcf7-form-control-wrap last_name\"><input type=\"text\" name=\"last_name\" value=\"\" size=\"40\" class=\"wpcf7-form-control wpcf7-text wpcf7-validates-as-required\" aria-required=\"true\" aria-invalid=\"false\" \/><\/span>\n<\/div>\n<\/div>\n<p><label> E-mail <\/label><br \/>\n<span class=\"wpcf7-form-control-wrap email\"><input type=\"email\" name=\"email\" value=\"\" size=\"40\" class=\"wpcf7-form-control wpcf7-text wpcf7-email wpcf7-validates-as-required wpcf7-validates-as-email\" aria-required=\"true\" aria-invalid=\"false\" \/><\/span><br \/>\n<label> The phone number <\/label><br \/>\n<span class=\"wpcf7-form-control-wrap phone\"><input type=\"text\" name=\"phone\" value=\"\" size=\"40\" class=\"wpcf7-form-control wpcf7-text wpcf7-validates-as-required\" aria-required=\"true\" aria-invalid=\"false\" \/><\/span><\/p>\n<p><label>Message<\/label><br \/>\n<span class=\"wpcf7-form-control-wrap text\"><textarea name=\"text\" cols=\"40\" rows=\"10\" class=\"wpcf7-form-control wpcf7-textarea wpcf7-validates-as-required\" aria-required=\"true\" aria-invalid=\"false\">Dobr\u00fd de\u0148, m\u00e1m z\u00e1ujem o vy\u0161etrenie u v\u00e1s. Pros\u00edm, kontaktujte ma.<\/textarea><\/span><\/p>\n<div class=\"pt-3\"><\/div>\n<span class=\"wpcf7-form-control-wrap recaptcha\"><span data-sitekey=\"6LcZiFodAAAAAHxX0v41CcJDUKqjA9m7eSNZneOh\" class=\"wpcf7-form-control g-recaptcha wpcf7-recaptcha\"><\/span>\r\n<noscript>\r\n\t<div class=\"grecaptcha-noscript\">\r\n\t\t<iframe loading=\"lazy\" src=\"https:\/\/www.google.com\/recaptcha\/api\/fallback?k=6LcZiFodAAAAAHxX0v41CcJDUKqjA9m7eSNZneOh\" frameborder=\"0\" scrolling=\"no\" width=\"310\" height=\"430\">\r\n\t\t<\/iframe>\r\n\t\t<textarea name=\"g-recaptcha-response\" rows=\"3\" cols=\"40\" placeholder=\"reCaptcha Response Here\">\r\n\t\t<\/textarea>\r\n\t<\/div>\r\n<\/noscript>\r\n<\/span>\n<div class=\"pt-3\"><\/div>\n<p class=\"mb-4\">\n<a style=\"text-decoration:underline;\" href=\"https:\/\/www.ivodent.sk\/en\/ochrana-osobnych-udajov\/\">Privacy<\/a><\/p>\n<p><input type=\"submit\" value=\"Send\" class=\"wpcf7-form-control wpcf7-submit\" \/><\/p>\n<div class=\"wpcf7-response-output\" aria-hidden=\"true\"><\/div><input type=\"hidden\" name=\"trp-form-language\" value=\"en\"\/><\/form><\/div><\/div><\/div><\/div><\/div><\/section><div class=\"vc_row-full-width vc_clearfix\"><\/div>","protected":false},"excerpt":{"rendered":"Cenn\u00edk U n\u00e1s je samozrejmos\u0165ou osobn\u00fd individu\u00e1lny pr\u00edstup, stanovenie lie\u010debn\u00e9ho a finan\u010dn\u00e9ho pl\u00e1nu a v neposlednom rade bezbolestn\u00e9 o\u0161etrenie. Vstupn\u00e9 komplexn\u00e9 vy\u0161etrenie 45\u20ac Odborn\u00e1 konzult\u00e1cia 35\u20ac RTG panoramatick\u00e1 sn\u00edmka 25\u20ac RTG intraor\u00e1lna sn\u00edmka zubov 14\u20ac Komplexn\u00e1 dent\u00e1lna hygiena 85\u20ac Fotokompozitn\u00e1 [...]","protected":false},"author":1,"featured_media":0,"parent":0,"menu_order":0,"comment_status":"closed","ping_status":"closed","template":"","meta":{"footnotes":""},"class_list":["post-16","page","type-page","status-publish","hentry"],"yoast_head":"<!-- This site is optimized with the Yoast SEO plugin v17.8 - https:\/\/yoast.com\/wordpress\/plugins\/seo\/ -->\n<title>Cenn\u00edk &bull; Ivodent<\/title>\n<meta name=\"robots\" content=\"index, follow, max-snippet:-1, max-image-preview:large, max-video-preview:-1\" \/>\n<link rel=\"canonical\" href=\"https:\/\/www.ivodent.sk\/en\/price-list\/\" \/>\n<meta property=\"og:locale\" content=\"en_GB\" \/>\n<meta property=\"og:type\" content=\"article\" \/>\n<meta property=\"og:title\" content=\"Cenn\u00edk &bull; Ivodent\" \/>\n<meta property=\"og:url\" content=\"https:\/\/www.ivodent.sk\/en\/price-list\/\" \/>\n<meta property=\"og:site_name\" content=\"Ivodent\" \/>\n<meta property=\"article:modified_time\" content=\"2026-02-04T15:11:35+00:00\" \/>\n<meta name=\"twitter:card\" content=\"summary_large_image\" \/>\n<meta name=\"twitter:label1\" content=\"Estimated reading time\" \/>\n\t<meta name=\"twitter:data1\" content=\"1 minute\" \/>\n<script type=\"application\/ld+json\" class=\"yoast-schema-graph\">{\"@context\":\"https:\/\/schema.org\",\"@graph\":[{\"@type\":\"WebSite\",\"@id\":\"https:\/\/www.ivodent.sk\/#website\",\"url\":\"https:\/\/www.ivodent.sk\/\",\"name\":\"Ivodent\",\"description\":\"IvoDent Dental Care vzniklo v roku 2016 s cie\\u013eom poskytn\\u00fa\\u0165 stomatologick\\u00fa starostlivos\\u0165 na najvy\\u0161\\u0161ej \\u00farovni v pr\\u00edjemnom prostred\\u00ed a s vyu\\u017eit\\u00edm modern\\u00fdch postupov. Prioritou na\\u0161ej praxe je pacient a jeho potreby.\",\"potentialAction\":[{\"@type\":\"SearchAction\",\"target\":{\"@type\":\"EntryPoint\",\"urlTemplate\":\"https:\/\/www.ivodent.sk\/?s={search_term_string}\"},\"query-input\":\"required name=search_term_string\"}],\"inLanguage\":\"en-GB\"},{\"@type\":\"WebPage\",\"@id\":\"https:\/\/www.ivodent.sk\/cennik\/#webpage\",\"url\":\"https:\/\/www.ivodent.sk\/cennik\/\",\"name\":\"Cenn\\u00edk &bull; Ivodent\",\"isPartOf\":{\"@id\":\"https:\/\/www.ivodent.sk\/#website\"},\"datePublished\":\"2021-08-06T07:07:41+00:00\",\"dateModified\":\"2026-02-04T15:11:35+00:00\",\"breadcrumb\":{\"@id\":\"https:\/\/www.ivodent.sk\/cennik\/#breadcrumb\"},\"inLanguage\":\"en-GB\",\"potentialAction\":[{\"@type\":\"ReadAction\",\"target\":[\"https:\/\/www.ivodent.sk\/cennik\/\"]}]},{\"@type\":\"BreadcrumbList\",\"@id\":\"https:\/\/www.ivodent.sk\/cennik\/#breadcrumb\",\"itemListElement\":[{\"@type\":\"ListItem\",\"position\":1,\"name\":\"Domovsk\\u00e1 str\\u00e1nka\",\"item\":\"https:\/\/www.ivodent.sk\/\"},{\"@type\":\"ListItem\",\"position\":2,\"name\":\"Cenn\\u00edk\"}]}]}<\/script>\n<!-- \/ Yoast SEO plugin. -->","yoast_head_json":{"title":"Cenn\u00edk &bull; Ivodent","robots":{"index":"index","follow":"follow","max-snippet":"max-snippet:-1","max-image-preview":"max-image-preview:large","max-video-preview":"max-video-preview:-1"},"canonical":"https:\/\/www.ivodent.sk\/en\/price-list\/","og_locale":"en_GB","og_type":"article","og_title":"Cenn\u00edk &bull; Ivodent","og_url":"https:\/\/www.ivodent.sk\/en\/price-list\/","og_site_name":"Ivodent","article_modified_time":"2026-02-04T15:11:35+00:00","twitter_card":"summary_large_image","twitter_misc":{"Estimated reading time":"1 minute"},"schema":{"@context":"https:\/\/schema.org","@graph":[{"@type":"WebSite","@id":"https:\/\/www.ivodent.sk\/#website","url":"https:\/\/www.ivodent.sk\/","name":"Ivodent","description":"IvoDent Dental Care vzniklo v roku 2016 s cie\u013eom poskytn\u00fa\u0165 stomatologick\u00fa starostlivos\u0165 na najvy\u0161\u0161ej \u00farovni v pr\u00edjemnom prostred\u00ed a s vyu\u017eit\u00edm modern\u00fdch postupov. Prioritou na\u0161ej praxe je pacient a jeho potreby.","potentialAction":[{"@type":"SearchAction","target":{"@type":"EntryPoint","urlTemplate":"https:\/\/www.ivodent.sk\/?s={search_term_string}"},"query-input":"required name=search_term_string"}],"inLanguage":"en-GB"},{"@type":"WebPage","@id":"https:\/\/www.ivodent.sk\/cennik\/#webpage","url":"https:\/\/www.ivodent.sk\/cennik\/","name":"Cenn\u00edk &bull; Ivodent","isPartOf":{"@id":"https:\/\/www.ivodent.sk\/#website"},"datePublished":"2021-08-06T07:07:41+00:00","dateModified":"2026-02-04T15:11:35+00:00","breadcrumb":{"@id":"https:\/\/www.ivodent.sk\/cennik\/#breadcrumb"},"inLanguage":"en-GB","potentialAction":[{"@type":"ReadAction","target":["https:\/\/www.ivodent.sk\/cennik\/"]}]},{"@type":"BreadcrumbList","@id":"https:\/\/www.ivodent.sk\/cennik\/#breadcrumb","itemListElement":[{"@type":"ListItem","position":1,"name":"Domovsk\u00e1 str\u00e1nka","item":"https:\/\/www.ivodent.sk\/"},{"@type":"ListItem","position":2,"name":"Cenn\u00edk"}]}]}},"_links":{"self":[{"href":"https:\/\/www.ivodent.sk\/en\/wp-json\/wp\/v2\/pages\/16","targetHints":{"allow":["GET"]}}],"collection":[{"href":"https:\/\/www.ivodent.sk\/en\/wp-json\/wp\/v2\/pages"}],"about":[{"href":"https:\/\/www.ivodent.sk\/en\/wp-json\/wp\/v2\/types\/page"}],"author":[{"embeddable":true,"href":"https:\/\/www.ivodent.sk\/en\/wp-json\/wp\/v2\/users\/1"}],"replies":[{"embeddable":true,"href":"https:\/\/www.ivodent.sk\/en\/wp-json\/wp\/v2\/comments?post=16"}],"version-history":[{"count":43,"href":"https:\/\/www.ivodent.sk\/en\/wp-json\/wp\/v2\/pages\/16\/revisions"}],"predecessor-version":[{"id":1064,"href":"https:\/\/www.ivodent.sk\/en\/wp-json\/wp\/v2\/pages\/16\/revisions\/1064"}],"wp:attachment":[{"href":"https:\/\/www.ivodent.sk\/en\/wp-json\/wp\/v2\/media?parent=16"}],"curies":[{"name":"wp","href":"https:\/\/api.w.org\/{rel}","templated":true}]}}