{"id":991,"date":"2023-12-12T13:05:17","date_gmt":"2023-12-12T12:05:17","guid":{"rendered":"https:\/\/www.ivodent.sk\/?page_id=991"},"modified":"2023-12-13T10:02:29","modified_gmt":"2023-12-13T09:02:29","slug":"parodontologia","status":"publish","type":"page","link":"https:\/\/www.ivodent.sk\/en\/treatments\/periodontology\/","title":{"rendered":"Periodontology"},"content":{"rendered":"<section class=\"vc_section\"><div class=\"vc_row wpb_row vc_row-fluid iv-welcome subpage vc_row-o-equal-height vc_row-o-content-middle vc_row-flex\" ><div class=\"xx wpb_column vc_column_container vc_col-sm-6 vc_col-has-fill\"><div class=\"vc_column-inner vc_custom_1702458128142\"><div class=\"wpb_wrapper\"><h1 style=\"color: #ffffff;text-align: center\" class=\"vc_custom_heading\" >Periodontology<\/h1><\/div><\/div><\/div><div class=\"right wpb_column vc_column_container vc_col-sm-6 vc_col-has-fill\"><div class=\"vc_column-inner vc_custom_1702457021936\"><div class=\"wpb_wrapper\"><\/div><\/div><\/div><\/div><\/section><section id=\"navsteva\" data-vc-full-width=\"true\" data-vc-full-width-init=\"false\" class=\"vc_section iv-section\"><div class=\"vc_row wpb_row vc_row-fluid iv-serviceFullItem vc_row-o-content-middle vc_row-flex\" ><div class=\"wpb_column vc_column_container vc_col-sm-6\"><div class=\"vc_column-inner\"><div class=\"wpb_wrapper\">\n\t<div  class=\"wpb_single_image wpb_content_element vc_align_center   image\">\n\t\t\n\t\t<figure class=\"wpb_wrapper vc_figure\">\n\t\t\t<div class=\"vc_single_image-wrapper   vc_box_border_grey\"><img loading=\"lazy\" decoding=\"async\" width=\"1045\" height=\"717\" src=\"https:\/\/www.ivodent.sk\/wp-content\/uploads\/2023\/12\/Gum-Disease-1181043490_2093x1436.jpg\" class=\"vc_single_image-img attachment-full\" alt=\"\" srcset=\"https:\/\/www.ivodent.sk\/wp-content\/uploads\/2023\/12\/Gum-Disease-1181043490_2093x1436.jpg 1045w, https:\/\/www.ivodent.sk\/wp-content\/uploads\/2023\/12\/Gum-Disease-1181043490_2093x1436-466x320.jpg 466w, https:\/\/www.ivodent.sk\/wp-content\/uploads\/2023\/12\/Gum-Disease-1181043490_2093x1436-1024x703.jpg 1024w, https:\/\/www.ivodent.sk\/wp-content\/uploads\/2023\/12\/Gum-Disease-1181043490_2093x1436-768x527.jpg 768w, https:\/\/www.ivodent.sk\/wp-content\/uploads\/2023\/12\/Gum-Disease-1181043490_2093x1436-18x12.jpg 18w\" sizes=\"auto, (max-width: 1045px) 100vw, 1045px\" \/><\/div>\n\t\t<\/figure>\n\t<\/div>\n<div class=\"vc_empty_space  d-md-none\"   style=\"height: 32px\"><span class=\"vc_empty_space_inner\"><\/span><\/div><\/div><\/div><\/div><div class=\"wpb_column vc_column_container vc_col-sm-6\"><div class=\"vc_column-inner\"><div class=\"wpb_wrapper\">\n\t<div class=\"wpb_text_column wpb_content_element  text-black\" >\n\t\t<div class=\"wpb_wrapper\">\n\t\t\t<p><strong>Periodontology<\/strong> is a branch of dentistry that deals with the prevention, diagnosis and treatment of problems associated with the supporting apparatus of the tooth, called the periodontium.<\/p>\n<p>Symptoms of this disease:<br \/>\n- bleeding<br \/>\n\u2013 swelling and receding gums<br \/>\n- exposed tooth roots<br \/>\n- the presence of tartar below the level of the gums<br \/>\n- creation of periodontal pockets<br \/>\n- tooth mobility and bad breath<\/p>\n\n\t\t<\/div>\n\t<\/div>\n<\/div><\/div><\/div><\/div><\/section><div class=\"vc_row-full-width vc_clearfix\"><\/div><section id=\"akocasto\" data-vc-full-width=\"true\" data-vc-full-width-init=\"false\" class=\"vc_section iv-section vc_custom_1644417520384 vc_section-has-fill\"><div class=\"vc_row wpb_row vc_row-fluid iv-serviceFullItem vc_row-o-content-middle vc_row-flex\" ><div class=\"wpb_column vc_column_container vc_col-sm-6\"><div class=\"vc_column-inner\"><div class=\"wpb_wrapper\"><div class=\"vc_row wpb_row vc_inner vc_row-fluid title vc_row-o-content-middle vc_row-flex\" ><div class=\"wpb_column vc_column_container vc_col-sm-12 vc_col-xs-12\"><div class=\"vc_column-inner\"><div class=\"wpb_wrapper\">\n\t<div  class=\"wpb_single_image wpb_content_element vc_align_center  vc_custom_1702382922603  image d-md-none\">\n\t\t\n\t\t<figure class=\"wpb_wrapper vc_figure\">\n\t\t\t<div class=\"vc_single_image-wrapper   vc_box_border_grey\"><img loading=\"lazy\" decoding=\"async\" width=\"866\" height=\"866\" src=\"https:\/\/www.ivodent.sk\/wp-content\/uploads\/2023\/12\/Stages-of-periodontitis-medical-vector-illustration-white-background-1141377384_1735x1735.jpg\" class=\"vc_single_image-img attachment-full\" alt=\"\" srcset=\"https:\/\/www.ivodent.sk\/wp-content\/uploads\/2023\/12\/Stages-of-periodontitis-medical-vector-illustration-white-background-1141377384_1735x1735.jpg 866w, https:\/\/www.ivodent.sk\/wp-content\/uploads\/2023\/12\/Stages-of-periodontitis-medical-vector-illustration-white-background-1141377384_1735x1735-320x320.jpg 320w, https:\/\/www.ivodent.sk\/wp-content\/uploads\/2023\/12\/Stages-of-periodontitis-medical-vector-illustration-white-background-1141377384_1735x1735-150x150.jpg 150w, https:\/\/www.ivodent.sk\/wp-content\/uploads\/2023\/12\/Stages-of-periodontitis-medical-vector-illustration-white-background-1141377384_1735x1735-768x768.jpg 768w, https:\/\/www.ivodent.sk\/wp-content\/uploads\/2023\/12\/Stages-of-periodontitis-medical-vector-illustration-white-background-1141377384_1735x1735-12x12.jpg 12w, https:\/\/www.ivodent.sk\/wp-content\/uploads\/2023\/12\/Stages-of-periodontitis-medical-vector-illustration-white-background-1141377384_1735x1735-550x550.jpg 550w\" sizes=\"auto, (max-width: 866px) 100vw, 866px\" \/><\/div>\n\t\t<\/figure>\n\t<\/div>\n<\/div><\/div><\/div><\/div><div class=\"vc_empty_space\"   style=\"height: 32px\"><span class=\"vc_empty_space_inner\"><\/span><\/div>\n\t<div class=\"wpb_text_column wpb_content_element  text-black excerpt\" >\n\t\t<div class=\"wpb_wrapper\">\n\t\t\t<p>If the disease is not treated, it can lead to <strong>tooth loss<\/strong>. The main cause of periodontal disease is microbes present in dental plaque or biofilm. If the disease is limited to the gums, it is called gingivitis, which can be successfully treated with good oral hygiene and plaque removal.<\/p>\n<p>If gingivitis is left untreated for a long time, it can gradually move to the bone area and create periodontal inflammation, known as periodontitis. This process can take place slowly and without <strong>significant symptoms<\/strong>, which emphasizes the need for regular and timely diagnostic checks.<\/p>\n<p>Untreated periodontitis can cause gum pain, bad breath and, in extreme cases, <strong>tooth loss<\/strong>, while neglect can affect the body's overall health.<\/p>\n\n\t\t<\/div>\n\t<\/div>\n<div class=\"vc_empty_space\"   style=\"height: 20px\"><span class=\"vc_empty_space_inner\"><\/span><\/div><\/div><\/div><\/div><div class=\"wpb_column vc_column_container vc_col-sm-6\"><div class=\"vc_column-inner\"><div class=\"wpb_wrapper\">\n\t<div  class=\"wpb_single_image wpb_content_element vc_align_center   image d-none d-md-block\">\n\t\t\n\t\t<figure class=\"wpb_wrapper vc_figure\">\n\t\t\t<div class=\"vc_single_image-wrapper   vc_box_border_grey\"><img loading=\"lazy\" decoding=\"async\" width=\"866\" height=\"866\" src=\"https:\/\/www.ivodent.sk\/wp-content\/uploads\/2023\/12\/Stages-of-periodontitis-medical-vector-illustration-white-background-1141377384_1735x1735.jpg\" class=\"vc_single_image-img attachment-full\" alt=\"\" srcset=\"https:\/\/www.ivodent.sk\/wp-content\/uploads\/2023\/12\/Stages-of-periodontitis-medical-vector-illustration-white-background-1141377384_1735x1735.jpg 866w, https:\/\/www.ivodent.sk\/wp-content\/uploads\/2023\/12\/Stages-of-periodontitis-medical-vector-illustration-white-background-1141377384_1735x1735-320x320.jpg 320w, https:\/\/www.ivodent.sk\/wp-content\/uploads\/2023\/12\/Stages-of-periodontitis-medical-vector-illustration-white-background-1141377384_1735x1735-150x150.jpg 150w, https:\/\/www.ivodent.sk\/wp-content\/uploads\/2023\/12\/Stages-of-periodontitis-medical-vector-illustration-white-background-1141377384_1735x1735-768x768.jpg 768w, https:\/\/www.ivodent.sk\/wp-content\/uploads\/2023\/12\/Stages-of-periodontitis-medical-vector-illustration-white-background-1141377384_1735x1735-12x12.jpg 12w, https:\/\/www.ivodent.sk\/wp-content\/uploads\/2023\/12\/Stages-of-periodontitis-medical-vector-illustration-white-background-1141377384_1735x1735-550x550.jpg 550w\" sizes=\"auto, (max-width: 866px) 100vw, 866px\" \/><\/div>\n\t\t<\/figure>\n\t<\/div>\n<div class=\"vc_empty_space  d-md-none\"   style=\"height: 32px\"><span class=\"vc_empty_space_inner\"><\/span><\/div><\/div><\/div><\/div><\/div><\/section><div class=\"vc_row-full-width vc_clearfix\"><\/div><section data-vc-full-width=\"true\" data-vc-full-width-init=\"false\" class=\"vc_section iv-section\"><div class=\"vc_row wpb_row vc_row-fluid iv-serviceFullItem vc_row-o-content-middle vc_row-flex\" ><div class=\"wpb_column vc_column_container vc_col-sm-6\"><div class=\"vc_column-inner\"><div class=\"wpb_wrapper\">\n\t<div  class=\"wpb_single_image wpb_content_element vc_align_center   image\">\n\t\t\n\t\t<figure class=\"wpb_wrapper vc_figure\">\n\t\t\t<div class=\"vc_single_image-wrapper   vc_box_border_grey\"><img loading=\"lazy\" decoding=\"async\" width=\"1049\" height=\"715\" src=\"https:\/\/www.ivodent.sk\/wp-content\/uploads\/2023\/12\/Periodontitis-stage-1-gum-recession-tartar.-Medically-accurate-3D-illustration-1221091069_2101x1433.jpg\" class=\"vc_single_image-img attachment-full\" alt=\"\" srcset=\"https:\/\/www.ivodent.sk\/wp-content\/uploads\/2023\/12\/Periodontitis-stage-1-gum-recession-tartar.-Medically-accurate-3D-illustration-1221091069_2101x1433.jpg 1049w, https:\/\/www.ivodent.sk\/wp-content\/uploads\/2023\/12\/Periodontitis-stage-1-gum-recession-tartar.-Medically-accurate-3D-illustration-1221091069_2101x1433-469x320.jpg 469w, https:\/\/www.ivodent.sk\/wp-content\/uploads\/2023\/12\/Periodontitis-stage-1-gum-recession-tartar.-Medically-accurate-3D-illustration-1221091069_2101x1433-1024x698.jpg 1024w, https:\/\/www.ivodent.sk\/wp-content\/uploads\/2023\/12\/Periodontitis-stage-1-gum-recession-tartar.-Medically-accurate-3D-illustration-1221091069_2101x1433-768x523.jpg 768w, https:\/\/www.ivodent.sk\/wp-content\/uploads\/2023\/12\/Periodontitis-stage-1-gum-recession-tartar.-Medically-accurate-3D-illustration-1221091069_2101x1433-18x12.jpg 18w\" sizes=\"auto, (max-width: 1049px) 100vw, 1049px\" \/><\/div>\n\t\t<\/figure>\n\t<\/div>\n<div class=\"vc_empty_space  d-md-none\"   style=\"height: 32px\"><span class=\"vc_empty_space_inner\"><\/span><\/div><\/div><\/div><\/div><div class=\"wpb_column vc_column_container vc_col-sm-6\"><div class=\"vc_column-inner\"><div class=\"wpb_wrapper\">\n\t<div class=\"wpb_text_column wpb_content_element  text-black\" >\n\t\t<div class=\"wpb_wrapper\">\n\t\t\t<p>The treatment of periodontitis is aimed at removing the infection (tartar, plaque and inflamed tissues) and improving the patient's home hygiene. The first goal is to eliminate the infection that may be causing the bone loss. The second goal is to train the patient in proper home hygiene, which in some cases can eliminate the need for surgical interventions on the gums.<\/p>\n<p>The treatment of periodontitis requires a comprehensive approach and cooperation between the patient and the dentist.<\/p>\n\n\t\t<\/div>\n\t<\/div>\n<\/div><\/div><\/div><\/div><\/section><div class=\"vc_row-full-width vc_clearfix\"><\/div><div class=\"vc_row wpb_row vc_row-fluid\" ><div class=\"wpb_column vc_column_container vc_col-sm-12\"><div class=\"vc_column-inner\"><div class=\"wpb_wrapper\"><div class=\"mkdf-accordion-holder mkdf-ac-default  mkdf-accordion mkdf-ac-boxed  clearfix\">\n\t<h2 class=\"mkdf-accordion-title\">\n    <span class=\"mkdf-accordion-mark\">\n\t\t<span class=\"mkdf_icon_plus lnr lnr-chevron-right\"><\/span>\n\t\t<span class=\"mkdf_icon_minus lnr lnr-chevron-down\"><\/span>\n\t<\/span>\n\t<span class=\"mkdf-tab-title\">MDDr. Martin Masha<\/span>\n<\/h2>\n<div class=\"mkdf-accordion-content\">\n\t<div class=\"mkdf-accordion-content-inner\">\n\t\t<div class=\"vc_row wpb_row vc_inner vc_row-fluid\" ><div class=\"wpb_column vc_column_container vc_col-sm-3\"><div class=\"vc_column-inner\"><div class=\"wpb_wrapper\">\n\t<div  class=\"wpb_single_image wpb_content_element vc_align_center\">\n\t\t\n\t\t<figure class=\"wpb_wrapper vc_figure\">\n\t\t\t<div class=\"vc_single_image-wrapper   vc_box_border_grey\"><img loading=\"lazy\" decoding=\"async\" width=\"350\" height=\"350\" src=\"https:\/\/www.ivodent.sk\/wp-content\/uploads\/2021\/08\/MDDr_Martin_Masa.png\" class=\"vc_single_image-img attachment-full\" alt=\"\" srcset=\"https:\/\/www.ivodent.sk\/wp-content\/uploads\/2021\/08\/MDDr_Martin_Masa.png 350w, https:\/\/www.ivodent.sk\/wp-content\/uploads\/2021\/08\/MDDr_Martin_Masa-300x300.png 300w, https:\/\/www.ivodent.sk\/wp-content\/uploads\/2021\/08\/MDDr_Martin_Masa-150x150.png 150w\" sizes=\"auto, (max-width: 350px) 100vw, 350px\" \/><\/div>\n\t\t<\/figure>\n\t<\/div>\n<\/div><\/div><\/div><div class=\"wpb_column vc_column_container vc_col-sm-9\"><div class=\"vc_column-inner\"><div class=\"wpb_wrapper\">\n\t<div class=\"wpb_text_column wpb_content_element  iv-text\" >\n\t\t<div class=\"wpb_wrapper\">\n\t\t\t<p class=\"p1\">MDDr. In addition to our clinic, Martin M\u00e1\u0161a works at the periodontology department in<\/p>\n<p class=\"p1\">Faculty hospital in Olomouc, where he specializes in mucogingival surgery, aesthetics<\/p>\n<p class=\"p1\">soft tissues around teeth and implants and bone augmentation. Nowadays<\/p>\n<p class=\"p1\">conducts research on the use of probiotics in the non-surgical treatment of periodontitis as part of his PhD studies.<\/p>\n<p class=\"p1\">Even in the most serious damage to the periodontium, he tries to find solutions to save the teeth.<\/p>\n\n\t\t<\/div>\n\t<\/div>\n<\/div><\/div><\/div><\/div>\t<\/div>\n<\/div><\/div><div class=\"vc_empty_space\"   style=\"height: 32px\"><span class=\"vc_empty_space_inner\"><\/span><\/div><\/div><\/div><\/div><\/div><div class=\"vc_row wpb_row vc_row-fluid vc_column-gap-35\" ><div class=\"iv-white_form wpb_column vc_column_container vc_col-sm-6\"><div class=\"vc_column-inner\"><div class=\"wpb_wrapper\"><h3 style=\"text-align: left\" class=\"vc_custom_heading\" >I want to order<\/h3><div role=\"form\" class=\"wpcf7\" id=\"wpcf7-f174-o1\" lang=\"sk-SK\" dir=\"ltr\">\n<div class=\"screen-reader-response\"><p role=\"status\" aria-live=\"polite\" aria-atomic=\"true\"><\/p> <ul><\/ul><\/div>\n<form action=\"\/en\/wp-json\/wp\/v2\/pages\/991#wpcf7-f174-o1\" method=\"post\" class=\"wpcf7-form init\" novalidate=\"novalidate\" data-status=\"init\" data-trp-original-action=\"\/en\/wp-json\/wp\/v2\/pages\/991#wpcf7-f174-o1\">\n<div style=\"display: none;\">\n<input type=\"hidden\" name=\"_wpcf7\" value=\"174\" \/>\n<input type=\"hidden\" name=\"_wpcf7_version\" value=\"5.4.2\" \/>\n<input type=\"hidden\" name=\"_wpcf7_locale\" value=\"sk_SK\" \/>\n<input type=\"hidden\" name=\"_wpcf7_unit_tag\" value=\"wpcf7-f174-o1\" \/>\n<input type=\"hidden\" name=\"_wpcf7_container_post\" value=\"0\" \/>\n<input type=\"hidden\" name=\"_wpcf7_posted_data_hash\" value=\"\" \/>\n<input type=\"hidden\" name=\"_wpcf7_recaptcha_response\" value=\"\" \/>\n<\/div>\n<p><span class=\"wpcf7-form-control-wrap formCtaType\"><input type=\"text\" name=\"formCtaType\" value=\"\" size=\"40\" class=\"wpcf7-form-control wpcf7-text d-none\" aria-invalid=\"false\" \/><\/span><\/p>\n<div class=\"row\">\n<div class=\"col-md-6\">\n<label> Name<\/label><br \/>\n<span class=\"wpcf7-form-control-wrap first_name\"><input type=\"text\" name=\"first_name\" value=\"\" size=\"40\" class=\"wpcf7-form-control wpcf7-text wpcf7-validates-as-required\" aria-required=\"true\" aria-invalid=\"false\" \/><\/span>\n<\/div>\n<div class=\"col-md-6\">\n<label> Surname<\/label><br \/>\n<span class=\"wpcf7-form-control-wrap last_name\"><input type=\"text\" name=\"last_name\" value=\"\" size=\"40\" class=\"wpcf7-form-control wpcf7-text wpcf7-validates-as-required\" aria-required=\"true\" aria-invalid=\"false\" \/><\/span>\n<\/div>\n<\/div>\n<p><label> E-mail <\/label><br \/>\n<span class=\"wpcf7-form-control-wrap email\"><input type=\"email\" name=\"email\" value=\"\" size=\"40\" class=\"wpcf7-form-control wpcf7-text wpcf7-email wpcf7-validates-as-required wpcf7-validates-as-email\" aria-required=\"true\" aria-invalid=\"false\" \/><\/span><br \/>\n<label> The phone number <\/label><br \/>\n<span class=\"wpcf7-form-control-wrap phone\"><input type=\"text\" name=\"phone\" value=\"\" size=\"40\" class=\"wpcf7-form-control wpcf7-text wpcf7-validates-as-required\" aria-required=\"true\" aria-invalid=\"false\" \/><\/span><\/p>\n<p><label>Message<\/label><br \/>\n<span class=\"wpcf7-form-control-wrap text\"><textarea name=\"text\" cols=\"40\" rows=\"10\" class=\"wpcf7-form-control wpcf7-textarea wpcf7-validates-as-required\" aria-required=\"true\" aria-invalid=\"false\">Dobr\u00fd de\u0148, m\u00e1m z\u00e1ujem o vy\u0161etrenie u v\u00e1s. Pros\u00edm, kontaktujte ma.<\/textarea><\/span><\/p>\n<div class=\"pt-3\"><\/div>\n<span class=\"wpcf7-form-control-wrap recaptcha\"><span data-sitekey=\"6LcZiFodAAAAAHxX0v41CcJDUKqjA9m7eSNZneOh\" class=\"wpcf7-form-control g-recaptcha wpcf7-recaptcha\"><\/span>\r\n<noscript>\r\n\t<div class=\"grecaptcha-noscript\">\r\n\t\t<iframe loading=\"lazy\" src=\"https:\/\/www.google.com\/recaptcha\/api\/fallback?k=6LcZiFodAAAAAHxX0v41CcJDUKqjA9m7eSNZneOh\" frameborder=\"0\" scrolling=\"no\" width=\"310\" height=\"430\">\r\n\t\t<\/iframe>\r\n\t\t<textarea name=\"g-recaptcha-response\" rows=\"3\" cols=\"40\" placeholder=\"reCaptcha Response Here\">\r\n\t\t<\/textarea>\r\n\t<\/div>\r\n<\/noscript>\r\n<\/span>\n<div class=\"pt-3\"><\/div>\n<p class=\"mb-4\">\n<a style=\"text-decoration:underline;\" href=\"https:\/\/www.ivodent.sk\/en\/ochrana-osobnych-udajov\/\">Privacy<\/a><\/p>\n<p><input type=\"submit\" value=\"Send\" class=\"wpcf7-form-control wpcf7-submit\" \/><\/p>\n<div class=\"wpcf7-response-output\" aria-hidden=\"true\"><\/div><input type=\"hidden\" name=\"trp-form-language\" value=\"en\"\/><\/form><\/div><\/div><\/div><\/div><\/div><div class=\"vc_row wpb_row vc_row-fluid\" ><div class=\"wpb_column vc_column_container vc_col-sm-12\"><div class=\"vc_column-inner\"><div class=\"wpb_wrapper\"><div class=\"vc_empty_space\"   style=\"height: 50px\"><span class=\"vc_empty_space_inner\"><\/span><\/div><\/div><\/div><\/div><\/div>","protected":false},"excerpt":{"rendered":"Parodontol\u00f3gia Parodontol\u00f3gia je odvetvie stomatol\u00f3gie, ktor\u00e9 sa zaober\u00e1 prevenciou, diagnostikou a lie\u010dbou probl\u00e9mov spojen\u00fdch s podporn\u00fdm apar\u00e1tom zuba, naz\u00fdvan\u00fdm parodont. Pr\u00edznaky tohto ochorenia: - krv\u00e1canie - opuchnutie a \u00fastup \u010fasien - obna\u017een\u00e9 korene zubov - pr\u00edtomnos\u0165 zubn\u00e9ho kame\u0148a pod \u00farov\u0148ou [...]","protected":false},"author":1,"featured_media":0,"parent":12,"menu_order":0,"comment_status":"closed","ping_status":"closed","template":"","meta":{"footnotes":""},"class_list":["post-991","page","type-page","status-publish","hentry"],"yoast_head":"<!-- This site is optimized with the Yoast SEO plugin v17.8 - https:\/\/yoast.com\/wordpress\/plugins\/seo\/ -->\n<title>Parodontol\u00f3gia &bull; Ivodent<\/title>\n<meta name=\"robots\" content=\"index, follow, max-snippet:-1, max-image-preview:large, max-video-preview:-1\" \/>\n<link rel=\"canonical\" href=\"https:\/\/www.ivodent.sk\/en\/treatments\/periodontology\/\" \/>\n<meta property=\"og:locale\" content=\"en_GB\" \/>\n<meta property=\"og:type\" content=\"article\" \/>\n<meta property=\"og:title\" content=\"Parodontol\u00f3gia &bull; Ivodent\" \/>\n<meta property=\"og:url\" content=\"https:\/\/www.ivodent.sk\/en\/treatments\/periodontology\/\" \/>\n<meta property=\"og:site_name\" content=\"Ivodent\" \/>\n<meta property=\"article:modified_time\" content=\"2023-12-13T09:02:29+00:00\" \/>\n<meta name=\"twitter:card\" content=\"summary_large_image\" \/>\n<meta name=\"twitter:label1\" content=\"Estimated reading time\" \/>\n\t<meta name=\"twitter:data1\" content=\"4 minutes\" \/>\n<script type=\"application\/ld+json\" class=\"yoast-schema-graph\">{\"@context\":\"https:\/\/schema.org\",\"@graph\":[{\"@type\":\"WebSite\",\"@id\":\"https:\/\/www.ivodent.sk\/#website\",\"url\":\"https:\/\/www.ivodent.sk\/\",\"name\":\"Ivodent\",\"description\":\"IvoDent Dental Care vzniklo v roku 2016 s cie\\u013eom poskytn\\u00fa\\u0165 stomatologick\\u00fa starostlivos\\u0165 na najvy\\u0161\\u0161ej \\u00farovni v pr\\u00edjemnom prostred\\u00ed a s vyu\\u017eit\\u00edm modern\\u00fdch postupov. Prioritou na\\u0161ej praxe je pacient a jeho potreby.\",\"potentialAction\":[{\"@type\":\"SearchAction\",\"target\":{\"@type\":\"EntryPoint\",\"urlTemplate\":\"https:\/\/www.ivodent.sk\/?s={search_term_string}\"},\"query-input\":\"required name=search_term_string\"}],\"inLanguage\":\"en-GB\"},{\"@type\":\"WebPage\",\"@id\":\"https:\/\/www.ivodent.sk\/osetrenia\/parodontologia\/#webpage\",\"url\":\"https:\/\/www.ivodent.sk\/osetrenia\/parodontologia\/\",\"name\":\"Parodontol\\u00f3gia &bull; Ivodent\",\"isPartOf\":{\"@id\":\"https:\/\/www.ivodent.sk\/#website\"},\"datePublished\":\"2023-12-12T12:05:17+00:00\",\"dateModified\":\"2023-12-13T09:02:29+00:00\",\"breadcrumb\":{\"@id\":\"https:\/\/www.ivodent.sk\/osetrenia\/parodontologia\/#breadcrumb\"},\"inLanguage\":\"en-GB\",\"potentialAction\":[{\"@type\":\"ReadAction\",\"target\":[\"https:\/\/www.ivodent.sk\/osetrenia\/parodontologia\/\"]}]},{\"@type\":\"BreadcrumbList\",\"@id\":\"https:\/\/www.ivodent.sk\/osetrenia\/parodontologia\/#breadcrumb\",\"itemListElement\":[{\"@type\":\"ListItem\",\"position\":1,\"name\":\"Domovsk\\u00e1 str\\u00e1nka\",\"item\":\"https:\/\/www.ivodent.sk\/\"},{\"@type\":\"ListItem\",\"position\":2,\"name\":\"O\\u0161etrenia\",\"item\":\"https:\/\/www.ivodent.sk\/osetrenia\/\"},{\"@type\":\"ListItem\",\"position\":3,\"name\":\"Parodontol\\u00f3gia\"}]}]}<\/script>\n<!-- \/ Yoast SEO plugin. -->","yoast_head_json":{"title":"Parodontol\u00f3gia &bull; Ivodent","robots":{"index":"index","follow":"follow","max-snippet":"max-snippet:-1","max-image-preview":"max-image-preview:large","max-video-preview":"max-video-preview:-1"},"canonical":"https:\/\/www.ivodent.sk\/en\/treatments\/periodontology\/","og_locale":"en_GB","og_type":"article","og_title":"Parodontol\u00f3gia &bull; Ivodent","og_url":"https:\/\/www.ivodent.sk\/en\/treatments\/periodontology\/","og_site_name":"Ivodent","article_modified_time":"2023-12-13T09:02:29+00:00","twitter_card":"summary_large_image","twitter_misc":{"Estimated reading time":"4 minutes"},"schema":{"@context":"https:\/\/schema.org","@graph":[{"@type":"WebSite","@id":"https:\/\/www.ivodent.sk\/#website","url":"https:\/\/www.ivodent.sk\/","name":"Ivodent","description":"IvoDent Dental Care vzniklo v roku 2016 s cie\u013eom poskytn\u00fa\u0165 stomatologick\u00fa starostlivos\u0165 na najvy\u0161\u0161ej \u00farovni v pr\u00edjemnom prostred\u00ed a s vyu\u017eit\u00edm modern\u00fdch postupov. Prioritou na\u0161ej praxe je pacient a jeho potreby.","potentialAction":[{"@type":"SearchAction","target":{"@type":"EntryPoint","urlTemplate":"https:\/\/www.ivodent.sk\/?s={search_term_string}"},"query-input":"required name=search_term_string"}],"inLanguage":"en-GB"},{"@type":"WebPage","@id":"https:\/\/www.ivodent.sk\/osetrenia\/parodontologia\/#webpage","url":"https:\/\/www.ivodent.sk\/osetrenia\/parodontologia\/","name":"Parodontol\u00f3gia &bull; Ivodent","isPartOf":{"@id":"https:\/\/www.ivodent.sk\/#website"},"datePublished":"2023-12-12T12:05:17+00:00","dateModified":"2023-12-13T09:02:29+00:00","breadcrumb":{"@id":"https:\/\/www.ivodent.sk\/osetrenia\/parodontologia\/#breadcrumb"},"inLanguage":"en-GB","potentialAction":[{"@type":"ReadAction","target":["https:\/\/www.ivodent.sk\/osetrenia\/parodontologia\/"]}]},{"@type":"BreadcrumbList","@id":"https:\/\/www.ivodent.sk\/osetrenia\/parodontologia\/#breadcrumb","itemListElement":[{"@type":"ListItem","position":1,"name":"Domovsk\u00e1 str\u00e1nka","item":"https:\/\/www.ivodent.sk\/"},{"@type":"ListItem","position":2,"name":"O\u0161etrenia","item":"https:\/\/www.ivodent.sk\/osetrenia\/"},{"@type":"ListItem","position":3,"name":"Parodontol\u00f3gia"}]}]}},"_links":{"self":[{"href":"https:\/\/www.ivodent.sk\/en\/wp-json\/wp\/v2\/pages\/991","targetHints":{"allow":["GET"]}}],"collection":[{"href":"https:\/\/www.ivodent.sk\/en\/wp-json\/wp\/v2\/pages"}],"about":[{"href":"https:\/\/www.ivodent.sk\/en\/wp-json\/wp\/v2\/types\/page"}],"author":[{"embeddable":true,"href":"https:\/\/www.ivodent.sk\/en\/wp-json\/wp\/v2\/users\/1"}],"replies":[{"embeddable":true,"href":"https:\/\/www.ivodent.sk\/en\/wp-json\/wp\/v2\/comments?post=991"}],"version-history":[{"count":21,"href":"https:\/\/www.ivodent.sk\/en\/wp-json\/wp\/v2\/pages\/991\/revisions"}],"predecessor-version":[{"id":1023,"href":"https:\/\/www.ivodent.sk\/en\/wp-json\/wp\/v2\/pages\/991\/revisions\/1023"}],"up":[{"embeddable":true,"href":"https:\/\/www.ivodent.sk\/en\/wp-json\/wp\/v2\/pages\/12"}],"wp:attachment":[{"href":"https:\/\/www.ivodent.sk\/en\/wp-json\/wp\/v2\/media?parent=991"}],"curies":[{"name":"wp","href":"https:\/\/api.w.org\/{rel}","templated":true}]}}